{"id":1268,"date":"2025-12-17T00:49:48","date_gmt":"2025-12-16T23:49:48","guid":{"rendered":"https:\/\/rizzellogas.tattica.online\/?post_type=product&#038;p=1268"},"modified":"2025-12-17T00:50:00","modified_gmt":"2025-12-16T23:50:00","slug":"estintore-2kg-co2-universo","status":"publish","type":"product","link":"https:\/\/rizzellogas.tattica.online\/index.php\/prodotto\/estintore-2kg-co2-universo\/","title":{"rendered":"Estintore 2Kg Co2 (universo)"},"content":{"rendered":"<p>Estintore da\u00a02 kg Co2\u00a0 ;<strong> classe di fuoco 55B ; <\/strong>conforme alle direttive europee;<strong> omologato secondo il D.M. 07\/01\/15.<\/strong><\/p>\n<p>Classe di fuoco: 55B<br \/>\nTempo di scarica: &gt; 9 s<br \/>\nDiametro serbatoio: 104 mm<br \/>\nAltezza totale: 562 mm<br \/>\nPeso: 6,20 Kg<br \/>\nTipo di imballo: busta in pluriball trasparente<\/p>\n<p>La nuova linea Base \u00e8 il Made in Italy nella sua essenzialit\u00e0 senza dover rinunciare alla sicurezza della qualit\u00e0 Universo. L&#8217;estintore Base \u00e8 un prodotto italiano essenziale nella componentistica. L&#8217;ugello in PVC, un processo di produzione semplificato nella verniciatura e l&#8217;uso di un corpo valvola extra europeo consentono di avere la risposta ad esigenze di mercato particolari.<br \/>\nCorredato di dichiarazione di conformit\u00e0 e certificazione PPG (prodotto di provenienza garantita) cat. B<\/p>\n<p>&nbsp;<\/p>\n<p><span style=\"color: #000000\">\u00a0<\/span><\/p>\n<p>&nbsp;<\/p>\n<p>&nbsp;<\/p>\n","protected":false},"excerpt":{"rendered":"<div>-Siamo a vostra disposizione per qualsiasi info contattateci al numero <span style=\"color: #ff0000\">0833\/581053<\/span> oppure <span style=\"color: #ff0000\">340\/7882669<\/span>.<\/div>\n<div><\/div>\n<div><span style=\"color: #ff0000\"><strong>-PER\u00a0 TUTTA LA PROVINCIA DI LECCE, PER ACCORDI SULLA MODALITA DI SCARICO E\u00a0 \u00a0MODALITA PAGAMENTO , CONTRASSEGNO \/ POS (I NOSTRI MEZZI SONO MUNITI DI\u00a0 \u00a0PAGOBANCOMAT)\u00a0 CONTATTATECI O AL NUMERO FISSO O SU WHATSAPP<\/strong><\/span><\/div>\n<p>&nbsp;<\/p>\n","protected":false},"featured_media":1309,"comment_status":"closed","ping_status":"closed","template":"","meta":[],"product_brand":[],"product_cat":[133],"product_tag":[],"class_list":{"0":"post-1268","1":"product","2":"type-product","3":"status-publish","4":"has-post-thumbnail","6":"product_cat-sicurezza","8":"first","9":"instock","10":"sale","11":"downloadable","12":"purchasable","13":"product-type-simple"},"_links":{"self":[{"href":"https:\/\/rizzellogas.tattica.online\/index.php\/wp-json\/wp\/v2\/product\/1268","targetHints":{"allow":["GET"]}}],"collection":[{"href":"https:\/\/rizzellogas.tattica.online\/index.php\/wp-json\/wp\/v2\/product"}],"about":[{"href":"https:\/\/rizzellogas.tattica.online\/index.php\/wp-json\/wp\/v2\/types\/product"}],"replies":[{"embeddable":true,"href":"https:\/\/rizzellogas.tattica.online\/index.php\/wp-json\/wp\/v2\/comments?post=1268"}],"version-history":[{"count":1,"href":"https:\/\/rizzellogas.tattica.online\/index.php\/wp-json\/wp\/v2\/product\/1268\/revisions"}],"predecessor-version":[{"id":1310,"href":"https:\/\/rizzellogas.tattica.online\/index.php\/wp-json\/wp\/v2\/product\/1268\/revisions\/1310"}],"wp:featuredmedia":[{"embeddable":true,"href":"https:\/\/rizzellogas.tattica.online\/index.php\/wp-json\/wp\/v2\/media\/1309"}],"wp:attachment":[{"href":"https:\/\/rizzellogas.tattica.online\/index.php\/wp-json\/wp\/v2\/media?parent=1268"}],"wp:term":[{"taxonomy":"product_brand","embeddable":true,"href":"https:\/\/rizzellogas.tattica.online\/index.php\/wp-json\/wp\/v2\/product_brand?post=1268"},{"taxonomy":"product_cat","embeddable":true,"href":"https:\/\/rizzellogas.tattica.online\/index.php\/wp-json\/wp\/v2\/product_cat?post=1268"},{"taxonomy":"product_tag","embeddable":true,"href":"https:\/\/rizzellogas.tattica.online\/index.php\/wp-json\/wp\/v2\/product_tag?post=1268"}],"curies":[{"name":"wp","href":"https:\/\/api.w.org\/{rel}","templated":true}]}}