{"id":1332,"date":"2025-12-17T00:50:11","date_gmt":"2025-12-16T23:50:11","guid":{"rendered":"https:\/\/rizzellogas.tattica.online\/?post_type=product&#038;p=1332"},"modified":"2025-12-17T00:50:42","modified_gmt":"2025-12-16T23:50:42","slug":"repellente-disabituante-per-cani-e-gatti-kalif","status":"publish","type":"product","link":"https:\/\/rizzellogas.tattica.online\/index.php\/prodotto\/repellente-disabituante-per-cani-e-gatti-kalif\/","title":{"rendered":"repellente disabituante per cani e gatti kalif"},"content":{"rendered":"<p>allontana in breve tempo cani, gatti, topi, uccelli, ed altri animali dalle abitazioni, dai giardini, dai magazzini, facendo loro perdere le cattive abitudini. Mantenere inoltre puliti i marciapiedi, le gomme delle auto, gli angoli in genere. DISABITUANTE KALIF nella pratica ed elegante confezione, \u00e8 gi\u00e0 diluito e pronto alL&#8217;uso: non unge, \u00e8 innocuo e non macchia perch\u00e8 agisce principalmente sull&#8217;olfatto degli animali.<strong>Confezione: 750 ml.<\/strong><\/p>\n<p>&nbsp;<\/p>\n<p>&nbsp;<\/p>\n","protected":false},"excerpt":{"rendered":"<h2>CONSEGNA GRATUITA IN TUTTA LA PROVINCIA DI\u00a0 LECCE<\/h2>\n","protected":false},"featured_media":1372,"comment_status":"open","ping_status":"closed","template":"","meta":[],"product_brand":[],"product_cat":[126],"product_tag":[],"class_list":{"0":"post-1332","1":"product","2":"type-product","3":"status-publish","4":"has-post-thumbnail","6":"product_cat-accessori-gpl-ferramenta-varia","8":"first","9":"instock","10":"sale","11":"purchasable","12":"product-type-simple"},"_links":{"self":[{"href":"https:\/\/rizzellogas.tattica.online\/index.php\/wp-json\/wp\/v2\/product\/1332","targetHints":{"allow":["GET"]}}],"collection":[{"href":"https:\/\/rizzellogas.tattica.online\/index.php\/wp-json\/wp\/v2\/product"}],"about":[{"href":"https:\/\/rizzellogas.tattica.online\/index.php\/wp-json\/wp\/v2\/types\/product"}],"replies":[{"embeddable":true,"href":"https:\/\/rizzellogas.tattica.online\/index.php\/wp-json\/wp\/v2\/comments?post=1332"}],"version-history":[{"count":1,"href":"https:\/\/rizzellogas.tattica.online\/index.php\/wp-json\/wp\/v2\/product\/1332\/revisions"}],"predecessor-version":[{"id":1373,"href":"https:\/\/rizzellogas.tattica.online\/index.php\/wp-json\/wp\/v2\/product\/1332\/revisions\/1373"}],"wp:featuredmedia":[{"embeddable":true,"href":"https:\/\/rizzellogas.tattica.online\/index.php\/wp-json\/wp\/v2\/media\/1372"}],"wp:attachment":[{"href":"https:\/\/rizzellogas.tattica.online\/index.php\/wp-json\/wp\/v2\/media?parent=1332"}],"wp:term":[{"taxonomy":"product_brand","embeddable":true,"href":"https:\/\/rizzellogas.tattica.online\/index.php\/wp-json\/wp\/v2\/product_brand?post=1332"},{"taxonomy":"product_cat","embeddable":true,"href":"https:\/\/rizzellogas.tattica.online\/index.php\/wp-json\/wp\/v2\/product_cat?post=1332"},{"taxonomy":"product_tag","embeddable":true,"href":"https:\/\/rizzellogas.tattica.online\/index.php\/wp-json\/wp\/v2\/product_tag?post=1332"}],"curies":[{"name":"wp","href":"https:\/\/api.w.org\/{rel}","templated":true}]}}