{"id":1362,"date":"2025-12-17T00:50:39","date_gmt":"2025-12-16T23:50:39","guid":{"rendered":"https:\/\/rizzellogas.tattica.online\/?post_type=product&#038;p=1362"},"modified":"2025-12-17T00:51:42","modified_gmt":"2025-12-16T23:51:42","slug":"dosatore-galleggiante-cloro","status":"publish","type":"product","link":"https:\/\/rizzellogas.tattica.online\/index.php\/prodotto\/dosatore-galleggiante-cloro\/","title":{"rendered":"dosatore galleggiante cloro"},"content":{"rendered":"<p>&nbsp;<\/p>\n<p><b>Ogni giorno nell&#8217;acqua della vostra piscina si introducono microrganismi, elementi contaminanti, spore di alghe, batteri, polvere, fuliggine e sporcizia che sono dannose per la salute dei bagnanti.\u00a0<\/b><\/p>\n<p>Le particelle di sporcizia e la torbidit\u00e0, i microrganismi come alghe, batteri e virus sono eliminabili da un buon impianto di filtrazione e da un efficace trattamento disinfettante.<\/p>\n<p>Per disinfettare l\u2019acqua di piscina esistono in commercio vari prodotti ma, sicuramente il pi\u00f9 efficace ed economico \u00e8 il cloro, nella fattispecie il tricloro in pastiglie o in polvere e il dicloro granulare.<\/p>\n<p>Pulire per\u00f2 la piscina con il cloro \u00e8 una pratica che pu\u00f2 risultare noiosa quindi cosa c\u2019\u00e8 di meglio di qualcuno o di qualcosa che lo faccia per voi?<\/p>\n<p>Un dispenser per il cloro per esempio!<\/p>\n<p>Piccolo, comodo e galleggiante! Sapr\u00e0 disinfettare la vostra piscina in modo graduale ma efficace mentre voi vi rilassate comodamente in acqua.<\/p>\n<p>&nbsp;<\/p>\n<p>CARATTERISTICHE:<\/p>\n<ul>\n<li>\u00a0\u00a0\u00a0\u00a0\u00a0\u00a0\u00a0\u00a0 Brand: Bestway<\/li>\n<li>\u00a0\u00a0\u00a0\u00a0\u00a0\u00a0\u00a0\u00a0 Dispenser Cloro Medio cm\u00a016.5 per pastiglie da 200 Gr diametro 6,5 cm<\/li>\n<li>\u00a0\u00a0\u00a0\u00a0\u00a0\u00a0\u00a0\u00a0 Dimensioni: 16,5 x 16,5 x 17,2 cm<\/li>\n<li>\u00a0\u00a0\u00a0\u00a0\u00a0\u00a0\u00a0\u00a0 Ghiera regolabile per il rilascio controllato dei prodotti<\/li>\n<li>\u00a0\u00a0\u00a0\u00a0\u00a0\u00a0\u00a0\u00a0 Pastiglie non incluse<\/li>\n<li>\u00a0 \u00a0 \u00a0 \u00a0 \u00a0Adatto anche per il bromo<\/li>\n<\/ul>\n<p>&nbsp;<\/p>\n<p>&nbsp;<\/p>\n<p>&nbsp;<\/p>\n","protected":false},"excerpt":{"rendered":"<h2>CONSEGNA GRATUITA IN TUTTA LA PROVINCIA DI\u00a0 LECCE<\/h2>\n","protected":false},"featured_media":1432,"comment_status":"open","ping_status":"closed","template":"","meta":[],"product_brand":[],"product_cat":[136],"product_tag":[],"class_list":{"0":"post-1362","1":"product","2":"type-product","3":"status-publish","4":"has-post-thumbnail","6":"product_cat-piscine-ricambi-prodotti","8":"first","9":"instock","10":"sale","11":"purchasable","12":"product-type-simple"},"_links":{"self":[{"href":"https:\/\/rizzellogas.tattica.online\/index.php\/wp-json\/wp\/v2\/product\/1362","targetHints":{"allow":["GET"]}}],"collection":[{"href":"https:\/\/rizzellogas.tattica.online\/index.php\/wp-json\/wp\/v2\/product"}],"about":[{"href":"https:\/\/rizzellogas.tattica.online\/index.php\/wp-json\/wp\/v2\/types\/product"}],"replies":[{"embeddable":true,"href":"https:\/\/rizzellogas.tattica.online\/index.php\/wp-json\/wp\/v2\/comments?post=1362"}],"version-history":[{"count":1,"href":"https:\/\/rizzellogas.tattica.online\/index.php\/wp-json\/wp\/v2\/product\/1362\/revisions"}],"predecessor-version":[{"id":1433,"href":"https:\/\/rizzellogas.tattica.online\/index.php\/wp-json\/wp\/v2\/product\/1362\/revisions\/1433"}],"wp:featuredmedia":[{"embeddable":true,"href":"https:\/\/rizzellogas.tattica.online\/index.php\/wp-json\/wp\/v2\/media\/1432"}],"wp:attachment":[{"href":"https:\/\/rizzellogas.tattica.online\/index.php\/wp-json\/wp\/v2\/media?parent=1362"}],"wp:term":[{"taxonomy":"product_brand","embeddable":true,"href":"https:\/\/rizzellogas.tattica.online\/index.php\/wp-json\/wp\/v2\/product_brand?post=1362"},{"taxonomy":"product_cat","embeddable":true,"href":"https:\/\/rizzellogas.tattica.online\/index.php\/wp-json\/wp\/v2\/product_cat?post=1362"},{"taxonomy":"product_tag","embeddable":true,"href":"https:\/\/rizzellogas.tattica.online\/index.php\/wp-json\/wp\/v2\/product_tag?post=1362"}],"curies":[{"name":"wp","href":"https:\/\/api.w.org\/{rel}","templated":true}]}}