{"id":1503,"date":"2025-12-17T00:52:07","date_gmt":"2025-12-16T23:52:07","guid":{"rendered":"https:\/\/rizzellogas.tattica.online\/?post_type=product&#038;p=1503"},"modified":"2025-12-17T00:52:22","modified_gmt":"2025-12-16T23:52:22","slug":"icetime-plus-30l-campingaz","status":"publish","type":"product","link":"https:\/\/rizzellogas.tattica.online\/index.php\/prodotto\/icetime-plus-30l-campingaz\/","title":{"rendered":"icetime plus 30L campingaz"},"content":{"rendered":"<div class=\"product-info\">\n<div class=\"product-alternate-versions\">\n<div class=\"version-name\">\n<div title=\"\">\n<p>La Icetime Plus 30L offre tutto lo spazio necessario per non rimanere mai a secco di bibite fresche per tutta la giornata in spiaggia, durante i pic-nic con gli amici.<br \/>\n<strong>Capacit\u00e0: 30 litri<br \/>\n<\/strong><strong>Contiene 6 bottiglie da 1.5 lt.<\/strong><\/p>\n<p><em><br \/>\n<\/em><strong>Fodera antimicrobica.<\/strong>\u00a0Resiste all&#8217;odore e alla muffa. L&#8217;effetto antimicrobico \u00e8 ottenuto da un additivo che viene fuso nella plastica prima di essere modellato nella camicia.<br \/>\nNon pu\u00f2 essere graffiato o indebolire nel tempo.<br \/>\nResiste alle muffe e alla crescita di funghi.<br \/>\nBlocca i cattivi odori in via di sviluppo.<br \/>\n<strong>Isolamento in spesso PU Premium<\/strong>. I test dimostrano che la perdita di raffreddamento \u00e8 del 30% attraverso la parte superiore e il 30% attraverso la base.<br \/>\nI nuovi modelli dispongono di maggiore isolamento nel coperchio (Icetime Plus Extreme &amp; Powerbox Plus) e la base, e di ridotti isolamenti ai lati, con conseguente piccole dimensioni esterne pur conservando capacit\u00e0 interna e prestazioni.<br \/>\nViene utilizzato poliuretano, che \u00e8 il materiale con massima capacit\u00e0 isolante sul mercato, utilizzando fino al 30% in pi\u00f9 di isolamento.<br \/>\n<strong>Bloccato e sigillato<\/strong>. Il coperchio \u00e8 progettato in modo da bloccarsi perfettamente e con una tenuta sicura.<br \/>\nIl &#8220;click&#8221; alla chiusura del coperchio, rassicura che la ghiacciaia \u00e8 chiusa saldamente.<br \/>\n<strong>Coperchio a battente<\/strong>. Il coperchio \u00e8 montato su solida cerniera e si apre nel senso della lunghezza, agevolando riempimento e svuotamento.<br \/>\n<strong>La maniglia<\/strong> a scatto sulla parte superiore, garantisce un facile trasporto.<\/p>\n<p>&nbsp;<\/p>\n<\/div>\n<\/div>\n<\/div>\n<\/div>\n<div class=\"product-offer-wrapper-mobile\">\n<div class=\"product-offer\">\n<div class=\"product-availability availability-now\"><\/div>\n<p class=\"shipping-price\">\n<\/div>\n<\/div>\n<div class=\"product-alternate-versions\">\n<div class=\"version-name\"><\/div>\n<\/div>\n","protected":false},"excerpt":{"rendered":"<h2>CONSEGNA GRATUITA IN TUTTA LA PROVINCIA DI LECCE<\/h2>\n","protected":false},"featured_media":1546,"comment_status":"open","ping_status":"closed","template":"","meta":[],"product_brand":[],"product_cat":[137],"product_tag":[138],"class_list":{"0":"post-1503","1":"product","2":"type-product","3":"status-publish","4":"has-post-thumbnail","6":"product_cat-barbecue-campingaz","7":"product_tag-frigo-portatile","9":"first","10":"instock","11":"sale","12":"purchasable","13":"product-type-simple"},"_links":{"self":[{"href":"https:\/\/rizzellogas.tattica.online\/index.php\/wp-json\/wp\/v2\/product\/1503","targetHints":{"allow":["GET"]}}],"collection":[{"href":"https:\/\/rizzellogas.tattica.online\/index.php\/wp-json\/wp\/v2\/product"}],"about":[{"href":"https:\/\/rizzellogas.tattica.online\/index.php\/wp-json\/wp\/v2\/types\/product"}],"replies":[{"embeddable":true,"href":"https:\/\/rizzellogas.tattica.online\/index.php\/wp-json\/wp\/v2\/comments?post=1503"}],"version-history":[{"count":1,"href":"https:\/\/rizzellogas.tattica.online\/index.php\/wp-json\/wp\/v2\/product\/1503\/revisions"}],"predecessor-version":[{"id":1547,"href":"https:\/\/rizzellogas.tattica.online\/index.php\/wp-json\/wp\/v2\/product\/1503\/revisions\/1547"}],"wp:featuredmedia":[{"embeddable":true,"href":"https:\/\/rizzellogas.tattica.online\/index.php\/wp-json\/wp\/v2\/media\/1546"}],"wp:attachment":[{"href":"https:\/\/rizzellogas.tattica.online\/index.php\/wp-json\/wp\/v2\/media?parent=1503"}],"wp:term":[{"taxonomy":"product_brand","embeddable":true,"href":"https:\/\/rizzellogas.tattica.online\/index.php\/wp-json\/wp\/v2\/product_brand?post=1503"},{"taxonomy":"product_cat","embeddable":true,"href":"https:\/\/rizzellogas.tattica.online\/index.php\/wp-json\/wp\/v2\/product_cat?post=1503"},{"taxonomy":"product_tag","embeddable":true,"href":"https:\/\/rizzellogas.tattica.online\/index.php\/wp-json\/wp\/v2\/product_tag?post=1503"}],"curies":[{"name":"wp","href":"https:\/\/api.w.org\/{rel}","templated":true}]}}