{"id":1831,"date":"2025-12-17T00:54:20","date_gmt":"2025-12-16T23:54:20","guid":{"rendered":"https:\/\/rizzellogas.tattica.online\/?post_type=product&#038;p=1831"},"modified":"2025-12-17T00:54:55","modified_gmt":"2025-12-16T23:54:55","slug":"pellet-falo-faggio-e-abete","status":"publish","type":"product","link":"https:\/\/rizzellogas.tattica.online\/index.php\/prodotto\/pellet-falo-faggio-e-abete\/","title":{"rendered":"Pellet FALO&#8217;  &#8220;faggio e abete&#8221;"},"content":{"rendered":"<p>&#8216;-Pellet dal origine ITALIANA non classificato<\/p>\n<p>&#8211;<span style=\"color: #ff0000\"><del>5,50<\/del><strong><span style=\"color: #000000\">\u00a0scontato con scheda gold<\/span><\/strong><span style=\"color: #000000\"><span style=\"color: #ff0000\"> 5,30 <\/span>presso il deposito (Ugento, Presicce).<\/span><\/span><\/p>\n<p>&#8211; Per info sulle consegne nella provincia di Lecce (Promozioni Quantit\u00e0\/Modalit\u00e0 di Consegna) chiamare al 3407882669 anche tramite Whatsapp.<\/p>\n<p><span style=\"color: #000000\">-Consegna a domicilio nella provincia, sul piano stradale di una o pi\u00f9 pedane <span style=\"color: #ff0000\">OFFERTA\u00a0<span style=\"color: #000000\">euro<span style=\"color: #ff0000\"> 410 <\/span>( 80 sacchi a 5,12 ).<\/span><\/span><\/span><\/p>\n<p>Prodotto naturale, classificato come biomassa solida, che \u00e8 formato da cilindri molto piccoli, di pochi millimetri di diametro. \u00c8 realizzato con segatura naturale secca, senza alcun additivo, poich\u00e9 utilizza la lignina stessa che contiene la segatura come legante, comprimendo la segatura ad alta pressione per formare il pellet, il che fa s\u00ec che i pellet abbiano una composizione molto densa e dura. Si ottiene cos\u00ec un alto potere calorifico.<\/p>\n<p>CARATTERISTICHE TECNICHE:<\/p>\n<p>DIAMETRO: 6mm, LUNGHEZZA MAX. fino a 30 mm, UMIDITA\u2019: c.a.10%, PESSO: 15kg,CENERE RESIDUA: 0.29%, POTERE CALORICO:4,6 Kw<\/p>\n<p>&nbsp;<\/p>\n","protected":false},"excerpt":{"rendered":"<ul>\n<li><!--more-->-Siamo a vostra disposizione per qualsiasi info contattateci al numero<strong><span style=\"color: #ff0000\"> 0833\/581053<\/span> <\/strong>oppure <strong><span style=\"color: #ff0000\">340\/7882669<\/span><\/strong>.<\/li>\n<\/ul>\n<p>&#8211;<span style=\"color: #ff0000\"><strong>PER\u00a0 TUTTA LA PROVINCIA DI LECCE, PER ACCORDI SULLA MODALITA DI SCARICO E\u00a0 MODALITA PAGAMENTO , CONTRASSEGNO \/ POS (I NOSTRI MEZZI SONO MUNITI DI\u00a0 \u00a0PAGOBANCOMAT)\u00a0 CONTATTATECI O AL NUMERO FISSO O SU WHATSAPP.<\/strong><\/span><\/p>\n","protected":false},"featured_media":1893,"comment_status":"open","ping_status":"closed","template":"","meta":[],"product_brand":[],"product_cat":[124],"product_tag":[],"class_list":{"0":"post-1831","1":"product","2":"type-product","3":"status-publish","4":"has-post-thumbnail","6":"product_cat-pellet-nocciolino-legna-tronchetti-e-varie","8":"first","9":"instock","10":"sale","11":"shipping-taxable","12":"purchasable","13":"product-type-simple"},"_links":{"self":[{"href":"https:\/\/rizzellogas.tattica.online\/index.php\/wp-json\/wp\/v2\/product\/1831","targetHints":{"allow":["GET"]}}],"collection":[{"href":"https:\/\/rizzellogas.tattica.online\/index.php\/wp-json\/wp\/v2\/product"}],"about":[{"href":"https:\/\/rizzellogas.tattica.online\/index.php\/wp-json\/wp\/v2\/types\/product"}],"replies":[{"embeddable":true,"href":"https:\/\/rizzellogas.tattica.online\/index.php\/wp-json\/wp\/v2\/comments?post=1831"}],"version-history":[{"count":1,"href":"https:\/\/rizzellogas.tattica.online\/index.php\/wp-json\/wp\/v2\/product\/1831\/revisions"}],"predecessor-version":[{"id":1894,"href":"https:\/\/rizzellogas.tattica.online\/index.php\/wp-json\/wp\/v2\/product\/1831\/revisions\/1894"}],"wp:featuredmedia":[{"embeddable":true,"href":"https:\/\/rizzellogas.tattica.online\/index.php\/wp-json\/wp\/v2\/media\/1893"}],"wp:attachment":[{"href":"https:\/\/rizzellogas.tattica.online\/index.php\/wp-json\/wp\/v2\/media?parent=1831"}],"wp:term":[{"taxonomy":"product_brand","embeddable":true,"href":"https:\/\/rizzellogas.tattica.online\/index.php\/wp-json\/wp\/v2\/product_brand?post=1831"},{"taxonomy":"product_cat","embeddable":true,"href":"https:\/\/rizzellogas.tattica.online\/index.php\/wp-json\/wp\/v2\/product_cat?post=1831"},{"taxonomy":"product_tag","embeddable":true,"href":"https:\/\/rizzellogas.tattica.online\/index.php\/wp-json\/wp\/v2\/product_tag?post=1831"}],"curies":[{"name":"wp","href":"https:\/\/api.w.org\/{rel}","templated":true}]}}