{"id":2047,"date":"2025-12-17T00:56:33","date_gmt":"2025-12-16T23:56:33","guid":{"rendered":"https:\/\/rizzellogas.tattica.online\/?post_type=product&#038;p=2047"},"modified":"2025-12-17T00:57:03","modified_gmt":"2025-12-16T23:57:03","slug":"barbecue-series-4-premium-w-campingaz","status":"publish","type":"product","link":"https:\/\/rizzellogas.tattica.online\/index.php\/prodotto\/barbecue-series-4-premium-w-campingaz\/","title":{"rendered":"BARBECUE SERIES 4 PREMIUM W CAMPINGAZ"},"content":{"rendered":"<ul>\n<li>\n<h5 class=\"title d-none d-lg-block\" role=\"heading\">Descrizione<\/h5>\n<div class=\"pdp-about-section \">\n<div class=\"\">\n<div id=\"collapsible-pdp-details-1\" class=\"value content\">Prepara un banchetto per la tua famiglia e i tuoi amici con il barbecue a gas 4 Series Premium S. L&#8217;incontro di 4 potenti e performanti bruciatori in acciaio inox con la nostra tecnologia Blue Flame assicura un numero molto ridotto di fiammate e mantiene i tuoi cibi idratati e succulenti. Grazie all&#8217;ampia superficie di cottura in ghisa smaltata, questo barbecue \u00e8 perfetto per i tuoi pranzi all&#8217;aperto. Il potente bruciatore laterale pu\u00f2 essere usato per cucinare degli ottimi contorni, preparando cos\u00ec un grande banchetto con facilit\u00e0. Il sistema Campingaz\u00ae Culinary Modular regala ai grigliatori pi\u00f9 appassionati una versatilit\u00e0 di cottura ancora maggiore. La pulizia \u00e8 veloce e senza sforzo grazie al sistema Campingaz InstaClean\u00aeAqua System. L&#8217;accensione elettronica offre un&#8217;utile illuminazione, batterie incluse. In grado di contenere una bombola di 13kg all&#8217;interno del carrello. Ruote girevoli dotate di freni offrono un&#8217;efficiente mobilit\u00e0 e manovrabilit\u00e0. Potente fornello laterale per preparare salse o cucinare altri piatti di contorno. Ancora pi\u00f9 spazio grazie ai ripiani laterali Campingaz\u00ae Push2Fold. Ganci per gli utensili integrati per un&#8217;utile disposizione degli accessori da bbq. 5 anni di garanzia sul sistema Campingaz\u00ae Blue Flame e sulle superfici di cottura.<\/div>\n<\/div>\n<div>\n<h5 class=\"title d-none d-lg-block\" role=\"heading\">Caratteristiche<\/h5>\n<div class=\"pdp-about-section \">\n<div class=\"\">\n<div id=\"collapsible-pdp-details-2\" class=\"value content m-0\">\n<ul>\n<li class=\"outline\" role=\"listitem\">Blue Flame Power System: offre pre-riscaldamento accelerato, distribuzione ottimale del calore e numero molto inferiore di fiammate improvvise<\/li>\n<li class=\"outline\" role=\"listitem\">InstaClean&#x2122; Aqua Pro System: vaschette per la raccolta del grasso riempite d\u2019acqua impediscono al grasso di aderire alle parti estraibili e lavabili in lavastoviglie del barbecue. Scaricate l\u2019acqua rimuovendo facilmente il tappo, nel serbatoio dell\u2019acqua in eccesso che<\/li>\n<li class=\"outline\" role=\"listitem\">include un filtro per separare il grasso pi\u00f9 denso<\/li>\n<li class=\"outline\" role=\"listitem\">Culinary Modular: Amplia le tue possibilit\u00e0 di cucina all&#8217;aperto con le soluzioni intercambiabili, rimuovendo l&#8217;anello interno della griglia in ghisa con uno dei vari accessori.<\/li>\n<li class=\"outline\" role=\"listitem\">L\u2019accensione elettrica \u00e8 agevole e le batterie sono incluse<\/li>\n<li class=\"outline\" role=\"listitem\">Tecnologia Even Temp&#x2122;: garantisce anche la distribuzione del calore per cuocere i cibi in maniera uniforme raggiungendo pi\u00f9 di 250\u00b0 su tutta la superficie di cottura.<\/li>\n<li class=\"outline\" role=\"listitem\">Potente bruciatore laterale integrato per preparare salse o bollire altri contorni<\/li>\n<li class=\"outline\" role=\"listitem\">Soluzione per l\u2019immagazzinaggio migliorata con il ripiano laterale pieghevole Campingaz Push2Fold<\/li>\n<li class=\"outline\" role=\"listitem\">Il termometro integrato nel coperchio permette di monitorare e regolare il calore<\/li>\n<li class=\"outline\" role=\"listitem\">Possibilit\u00e0 di servire comodamente da 12 a 16 persone per ogni sessione di cottura alla griglia<\/li>\n<\/ul>\n<\/div>\n<\/div>\n<\/div>\n<\/div>\n<\/div>\n<\/li>\n<li>\n<div>\n<ul>\n<li class=\"specifications-row\">\n<div class=\"row m-0 d-flex align-items-stretch\"><span class=\"col-5 col-sm-3 col-lg-4 text-right p-0 d-inline-block\">Sistema di cottura:<\/span><span class=\"col-7 col-sm-9 col-lg-8\">Blue Flame Power System<\/span><\/div>\n<\/li>\n<li class=\"specifications-row\">\n<div class=\"row m-0 d-flex align-items-stretch\"><span class=\"col-5 col-sm-3 col-lg-4 text-right p-0 d-inline-block\">Configurazione:<\/span><span class=\"col-7 col-sm-9 col-lg-8\">Griglia \/ Piastra reversibile<\/span><\/div>\n<\/li>\n<li class=\"specifications-row\">\n<div class=\"row m-0 d-flex align-items-stretch\"><span class=\"col-5 col-sm-3 col-lg-4 text-right p-0 d-inline-block\">Dimensione della griglia scaldavivande:<\/span><span class=\"col-7 col-sm-9 col-lg-8\">46 x 72 cm<\/span><\/div>\n<\/li>\n<li class=\"specifications-row\">\n<div class=\"row m-0 d-flex align-items-stretch\"><span class=\"col-5 col-sm-3 col-lg-4 text-right p-0 d-inline-block\">Altezza di cottura:<\/span><span class=\"col-7 col-sm-9 col-lg-8\">93 cm<\/span><\/div>\n<\/li>\n<li class=\"specifications-row\">\n<div class=\"row m-0 d-flex align-items-stretch\"><span class=\"col-5 col-sm-3 col-lg-4 text-right p-0 d-inline-block\">Culinary Modulars Sistema:<\/span><span class=\"col-7 col-sm-9 col-lg-8\">Si<\/span><\/div>\n<\/li>\n<li class=\"specifications-row\">\n<div class=\"row m-0 d-flex align-items-stretch\"><span class=\"col-5 col-sm-3 col-lg-4 text-right p-0 d-inline-block\">Even Temp:<\/span><span class=\"col-7 col-sm-9 col-lg-8\">Si<\/span><\/div>\n<\/li>\n<li class=\"specifications-row\">\n<div class=\"row m-0 d-flex align-items-stretch\"><span class=\"col-5 col-sm-3 col-lg-4 text-right p-0 d-inline-block\">La bombola del gas pu\u00f2 essere riposta nel carrello:<\/span><span class=\"col-7 col-sm-9 col-lg-8\">Si<\/span><\/div>\n<\/li>\n<li class=\"specifications-row\">\n<div class=\"row m-0 d-flex align-items-stretch\"><span class=\"col-5 col-sm-3 col-lg-4 text-right p-0 d-inline-block\">Consumo gas:<\/span><span class=\"col-7 col-sm-9 col-lg-8\">989 g\/h<\/span><\/div>\n<\/li>\n<li class=\"specifications-row\">\n<div class=\"row m-0 d-flex align-items-stretch\"><span class=\"col-5 col-sm-3 col-lg-4 text-right p-0 d-inline-block\">Accensione:<\/span><span class=\"col-7 col-sm-9 col-lg-8\">Elettronica<\/span><\/div>\n<\/li>\n<li class=\"specifications-row\">\n<div class=\"row m-0 d-flex align-items-stretch\"><span class=\"col-5 col-sm-3 col-lg-4 text-right p-0 d-inline-block\">InstaClean System:<\/span><span class=\"col-7 col-sm-9 col-lg-8\">InstaClean&#x2122; Aqua System<\/span><\/div>\n<\/li>\n<li class=\"specifications-row\">\n<div class=\"row m-0 d-flex align-items-stretch\"><span class=\"col-5 col-sm-3 col-lg-4 text-right p-0 d-inline-block\">Materiale isolante:<\/span><span class=\"col-7 col-sm-9 col-lg-8\">Acciaio verniciato + Alluminio Verniciato<\/span><\/div>\n<\/li>\n<li class=\"specifications-row\">\n<div class=\"row m-0 d-flex align-items-stretch\"><span class=\"col-5 col-sm-3 col-lg-4 text-right p-0 d-inline-block\">Materiale del bruciatore:<\/span><span class=\"col-7 col-sm-9 col-lg-8\">Acciaio inossidabile<\/span><\/div>\n<\/li>\n<li class=\"specifications-row\">\n<div class=\"row m-0 d-flex align-items-stretch\"><span class=\"col-5 col-sm-3 col-lg-4 text-right p-0 d-inline-block\">Numero di bruciatori:<\/span><span class=\"col-7 col-sm-9 col-lg-8\">4<\/span><\/div>\n<\/li>\n<li class=\"specifications-row\">\n<div class=\"row m-0 d-flex align-items-stretch\"><span class=\"col-5 col-sm-3 col-lg-4 text-right p-0 d-inline-block\">Persone servite:<\/span><span class=\"col-7 col-sm-9 col-lg-8\">da 12 a 16 persone<\/span><\/div>\n<\/li>\n<li class=\"specifications-row\">\n<div class=\"row m-0 d-flex align-items-stretch\"><span class=\"col-5 col-sm-3 col-lg-4 text-right p-0 d-inline-block\">Numero di tavolini pieghevoli:<\/span><span class=\"col-7 col-sm-9 col-lg-8\">2<\/span><\/div>\n<\/li>\n<li class=\"specifications-row\">\n<div class=\"row m-0 d-flex align-items-stretch\"><span class=\"col-5 col-sm-3 col-lg-4 text-right p-0 d-inline-block\">Fornello laterale:<\/span><span class=\"col-7 col-sm-9 col-lg-8\">No<\/span><\/div>\n<\/li>\n<li class=\"specifications-row\">\n<div class=\"row m-0 d-flex align-items-stretch\"><span class=\"col-5 col-sm-3 col-lg-4 text-right p-0 d-inline-block\">Termometro:<\/span><span class=\"col-7 col-sm-9 col-lg-8\">Si<\/span><\/div>\n<\/li>\n<li class=\"specifications-row\">\n<div class=\"row m-0 d-flex align-items-stretch\"><span class=\"col-5 col-sm-3 col-lg-4 text-right p-0 d-inline-block\">Configurazione Carrello:<\/span><span class=\"col-7 col-sm-9 col-lg-8\">Mobiletto con ante<\/span><\/div>\n<\/li>\n<li class=\"specifications-row\">\n<div class=\"row m-0 d-flex align-items-stretch\"><span class=\"col-5 col-sm-3 col-lg-4 text-right p-0 d-inline-block\">Griglia scaldavivande:<\/span><span class=\"col-7 col-sm-9 col-lg-8\">Si<\/span><\/div>\n<\/li>\n<li class=\"specifications-row\">\n<div class=\"row m-0 d-flex align-items-stretch\"><span class=\"col-5 col-sm-3 col-lg-4 text-right p-0 d-inline-block\">Griglie scaldavivande:<\/span><span class=\"col-7 col-sm-9 col-lg-8\">1<\/span><\/div>\n<\/li>\n<li class=\"specifications-row\">\n<div class=\"row m-0 d-flex align-items-stretch\"><span class=\"col-5 col-sm-3 col-lg-4 text-right p-0 d-inline-block\">Peso (kg):<\/span><span class=\"col-7 col-sm-9 col-lg-8\">77 kg<\/span><\/div>\n<\/li>\n<\/ul>\n<\/div>\n<\/li>\n<\/ul>\n","protected":false},"excerpt":{"rendered":"<div class=\"pdp-details\">\n<div class=\"row\">\n<div class=\"left-content\">\n<div class=\"specifications collapsible-md mt-0 mb-lg-5\">\n<h5 class=\"title d-none d-lg-block\" role=\"heading\"><span style=\"font-size: 16px\">\u00a0Siamo a vostra disposizione per qualsiasi info contattateci al numero <\/span><span style=\"color: #ff0000\">0833\/581053<\/span><span style=\"font-size: 16px\">\u00a0oppure\u00a0 \u00a0 \u00a0 \u00a0 \u00a0 \u00a0 \u00a0 \u00a0<\/span><span style=\"color: #ff0000\">340\/7882669<\/span><span style=\"font-size: 16px\">.<\/span><\/h5>\n<div class=\"pdp-about-section \">\n<div class=\"\">\n<div id=\"collapsible-pdp-details-3\" class=\"value content m-0\">\n<div><\/div>\n<div><span style=\"color: #ff0000\"><strong>-PER\u00a0 TUTTA LA PROVINCIA DI LECCE, PER ACCORDI SULLA MODALITA DI SCARICO E\u00a0 \u00a0MODALITA PAGAMENTO , CONTRASSEGNO \/ POS (I NOSTRI MEZZI SONO MUNITI DI\u00a0 \u00a0PAGOBANCOMAT)\u00a0 CONTATTATECI O AL NUMERO FISSO O SU WHASAPP<\/strong><\/span><\/div>\n<ul>\n<li><\/li>\n<\/ul>\n<\/div>\n<\/div>\n<\/div>\n<\/div>\n<\/div>\n<\/div>\n<div class=\"pdp-details-border\"><\/div>\n<\/div>\n","protected":false},"featured_media":2115,"comment_status":"open","ping_status":"closed","template":"","meta":[],"product_brand":[],"product_cat":[137],"product_tag":[],"class_list":{"0":"post-2047","1":"product","2":"type-product","3":"status-publish","4":"has-post-thumbnail","6":"product_cat-barbecue-campingaz","7":"product_shipping_class-oggetti-molto-pesanti","9":"first","10":"instock","11":"shipping-taxable","12":"purchasable","13":"product-type-simple"},"_links":{"self":[{"href":"https:\/\/rizzellogas.tattica.online\/index.php\/wp-json\/wp\/v2\/product\/2047","targetHints":{"allow":["GET"]}}],"collection":[{"href":"https:\/\/rizzellogas.tattica.online\/index.php\/wp-json\/wp\/v2\/product"}],"about":[{"href":"https:\/\/rizzellogas.tattica.online\/index.php\/wp-json\/wp\/v2\/types\/product"}],"replies":[{"embeddable":true,"href":"https:\/\/rizzellogas.tattica.online\/index.php\/wp-json\/wp\/v2\/comments?post=2047"}],"version-history":[{"count":1,"href":"https:\/\/rizzellogas.tattica.online\/index.php\/wp-json\/wp\/v2\/product\/2047\/revisions"}],"predecessor-version":[{"id":2116,"href":"https:\/\/rizzellogas.tattica.online\/index.php\/wp-json\/wp\/v2\/product\/2047\/revisions\/2116"}],"wp:featuredmedia":[{"embeddable":true,"href":"https:\/\/rizzellogas.tattica.online\/index.php\/wp-json\/wp\/v2\/media\/2115"}],"wp:attachment":[{"href":"https:\/\/rizzellogas.tattica.online\/index.php\/wp-json\/wp\/v2\/media?parent=2047"}],"wp:term":[{"taxonomy":"product_brand","embeddable":true,"href":"https:\/\/rizzellogas.tattica.online\/index.php\/wp-json\/wp\/v2\/product_brand?post=2047"},{"taxonomy":"product_cat","embeddable":true,"href":"https:\/\/rizzellogas.tattica.online\/index.php\/wp-json\/wp\/v2\/product_cat?post=2047"},{"taxonomy":"product_tag","embeddable":true,"href":"https:\/\/rizzellogas.tattica.online\/index.php\/wp-json\/wp\/v2\/product_tag?post=2047"}],"curies":[{"name":"wp","href":"https:\/\/api.w.org\/{rel}","templated":true}]}}