{"id":2049,"date":"2025-12-17T00:56:33","date_gmt":"2025-12-16T23:56:33","guid":{"rendered":"https:\/\/rizzellogas.tattica.online\/?post_type=product&#038;p=2049"},"modified":"2025-12-17T00:57:08","modified_gmt":"2025-12-16T23:57:08","slug":"barbecue-campingaz-3-series-premium-s","status":"publish","type":"product","link":"https:\/\/rizzellogas.tattica.online\/index.php\/prodotto\/barbecue-campingaz-3-series-premium-s\/","title":{"rendered":"BARBECUE CAMPINGAZ 3 SERIES PREMIUM S"},"content":{"rendered":"<ul>\n<li>\n<div class=\"pdp-about-section \">\n<div class=\"\">\n<div>\n<div class=\"pdp-about-section \">\n<div class=\"\">\n<div id=\"collapsible-pdp-details-2\" class=\"value content m-0\">\n<ul>\n<li class=\"outline\" role=\"listitem\">\n<div class=\"left-content\">\n<div class=\"attribute collapsible-md mt-0 mb-lg-5\">\n<h5 class=\"title d-none d-lg-block\" role=\"heading\">Descrizione<\/h5>\n<div class=\"pdp-about-section \">\n<div class=\"\">\n<div id=\"collapsible-pdp-details-1\" class=\"value content\">Prepara un banchetto per la tua famiglia e i tuoi amici con il barbecue a gas 3 Series Premium S. L&#8217;incontro di 3 potenti e performanti bruciatori in acciaio inox con la nostra tecnologia Blue Flame assicura un numero molto ridotto di fiammate e mantiene i tuoi cibi idratati e succulenti. Grazie all&#8217;ampia superficie di cottura in ghisa smaltata, questo barbecue \u00e8 perfetto per i tuoi pranzi all&#8217;aperto. Il potente fornello laterale pu\u00f2 essere usato per cucinare degli ottimi contorni, preparando cos\u00ec un grande banchetto con facilit\u00e0. Il sistema Campingaz\u00ae Culinary Modular regala ai grigliatori pi\u00f9 appassionati una versatilit\u00e0 di cottura ancora maggiore. La pulizia \u00e8 veloce e senza sforzo grazie al sistema Campingaz InstaClean\u00ae Aqua System. L&#8217;accensione elettronica offre un&#8217;utile illuminazione, batterie incluse. Potente fornello laterale per preparare salse o cucinare altri piatti di contorno. In grado di contenere una bombola di 13kg all&#8217;interno del carrello. Ruote girevoli dotate di freni offrono un&#8217;efficiente mobilit\u00e0 e manovrabilit\u00e0. Ganci per gli utensili integrati per un&#8217;utile disposizione degli accessori da bbq. 5 anni di garanzia sul sistema Campingaz\u00ae Blue Flame e sulle superfici di cottura.<\/div>\n<\/div>\n<\/div>\n<\/div>\n<\/div>\n<div class=\"right-content\">\n<div class=\"attributeList collapsible-md mt-0 mb-lg-5\">\n<h5 class=\"title d-none d-lg-block\" role=\"heading\">Caratteristiche<\/h5>\n<div class=\"pdp-about-section \">\n<div class=\"\">\n<div id=\"collapsible-pdp-details-2\" class=\"value content m-0\">\n<ul>\n<li class=\"outline\" role=\"listitem\">Blue Flame Power System: offre pre-riscaldamento accelerato, distribuzione ottimale del calore e numero molto inferiore di fiammate improvvise<\/li>\n<li class=\"outline\" role=\"listitem\">InstaClean&#x2122; Aqua Pro System: vaschette per la raccolta del grasso riempite d\u2019acqua impediscono al grasso di aderire alle parti estraibili e lavabili in lavastoviglie del barbecue. Scaricate l\u2019acqua rimuovendo facilmente il tappo, nel serbatoio dell\u2019acqua in eccesso che include un filtro per separare il grasso pi\u00f9 denso<\/li>\n<li class=\"outline\" role=\"listitem\">Culinary Modular: Amplia le tue possibilit\u00e0 di cucina all&#8217;aperto con le soluzioni intercambiabili, rimuovendo l&#8217;anello interno della griglia in ghisa con uno dei vari accessori.<\/li>\n<li class=\"outline\" role=\"listitem\">Tecnologia Even Temp&#x2122;: garantisce anche la distribuzione del calore per cuocere i cibi in maniera uniforme raggiungendo pi\u00f9 di 250\u00b0 su tutta la superficie di cottura.<\/li>\n<li class=\"outline\" role=\"listitem\">2 robuste ruote adatte all\u2019utilizzo sul prato offrono una durata ottimizzata e una mobilit\u00e0 affidabile su tutte le superfici<\/li>\n<li class=\"outline\" role=\"listitem\">Un\u2019ampia griglia riscaldante offre una maggiore versatilit\u00e0 per la cottura alla griglia a convezione e, se necessario, pu\u00f2 essere facilmente rimossa<\/li>\n<li class=\"outline\" role=\"listitem\">Soluzione per l\u2019immagazzinaggio migliorata con il ripiano laterale pieghevole Campingaz Push2Fold<\/li>\n<li class=\"outline\" role=\"listitem\">Potente fornello laterale integrato per preparare salse o bollire altri contorni<\/li>\n<li class=\"outline\" role=\"listitem\">Possibilit\u00e0 di servire comodamente da 8 a 10 persone per ogni sessione di cottura alla griglia<\/li>\n<li role=\"listitem\">\n<h5 class=\"title d-none d-lg-block\" role=\"heading\">Garanzia<\/h5>\n<div class=\"pdp-about-section \">\n<div class=\"\">\n<div id=\"collapsible-pdp-details-4\" class=\"value content\">Coperchio: 5 anni, Fornello: 5 anni, Superficie di cottura: 5 anni<\/div>\n<\/div>\n<\/div>\n<\/li>\n<\/ul>\n<\/div>\n<\/div>\n<\/div>\n<\/div>\n<\/div>\n<\/li>\n<li role=\"listitem\"><\/li>\n<\/ul>\n<\/div>\n<\/div>\n<\/div>\n<\/div>\n<\/div>\n<\/div>\n<\/li>\n<li>\n<div><\/div>\n<\/li>\n<\/ul>\n","protected":false},"excerpt":{"rendered":"<p>kit tubo e regolatore <strong>OMAGGIO<\/strong><\/p>\n<p>consegna in tutto il Salento <strong>OMAGGIO<\/strong><\/p>\n<p>IN ALTERNATIVA allo sconto indicato, si pu\u00f2 optare per il montaggio completo <strong>GRATUITO<\/strong> e 1 accessorio campingaz a scelta <strong>OMAGGIO<\/strong><\/p>\n<ul>\n<li>\n<div>\u00a0Siamo a vostra disposizione per qualsiasi info contattateci al numero <span style=\"color: #ff0000\">0833\/581053<\/span>\u00a0oppure\u00a0 \u00a0 \u00a0 \u00a0 \u00a0 \u00a0 \u00a0 \u00a0<span style=\"color: #ff0000\">340\/7882669<\/span>.<\/div>\n<div><\/div>\n<div><span style=\"color: #ff0000\"><strong>-PER\u00a0 TUTTA LA PROVINCIA DI LECCE, PER ACCORDI SULLA MODALITA DI SCARICO E\u00a0 \u00a0MODALITA PAGAMENTO , CONTRASSEGNO \/ POS (I NOSTRI MEZZI SONO MUNITI DI\u00a0 \u00a0PAGOBANCOMAT)\u00a0 CONTATTATECI O AL NUMERO FISSO O SU WHASAPP<\/strong><\/span><\/div>\n<\/li>\n<\/ul>\n","protected":false},"featured_media":2119,"comment_status":"open","ping_status":"closed","template":"","meta":[],"product_brand":[],"product_cat":[137],"product_tag":[],"class_list":{"0":"post-2049","1":"product","2":"type-product","3":"status-publish","4":"has-post-thumbnail","6":"product_cat-barbecue-campingaz","7":"product_shipping_class-oggetti-pesantissimi","9":"first","10":"instock","11":"shipping-taxable","12":"purchasable","13":"product-type-simple"},"_links":{"self":[{"href":"https:\/\/rizzellogas.tattica.online\/index.php\/wp-json\/wp\/v2\/product\/2049","targetHints":{"allow":["GET"]}}],"collection":[{"href":"https:\/\/rizzellogas.tattica.online\/index.php\/wp-json\/wp\/v2\/product"}],"about":[{"href":"https:\/\/rizzellogas.tattica.online\/index.php\/wp-json\/wp\/v2\/types\/product"}],"replies":[{"embeddable":true,"href":"https:\/\/rizzellogas.tattica.online\/index.php\/wp-json\/wp\/v2\/comments?post=2049"}],"version-history":[{"count":1,"href":"https:\/\/rizzellogas.tattica.online\/index.php\/wp-json\/wp\/v2\/product\/2049\/revisions"}],"predecessor-version":[{"id":2120,"href":"https:\/\/rizzellogas.tattica.online\/index.php\/wp-json\/wp\/v2\/product\/2049\/revisions\/2120"}],"wp:featuredmedia":[{"embeddable":true,"href":"https:\/\/rizzellogas.tattica.online\/index.php\/wp-json\/wp\/v2\/media\/2119"}],"wp:attachment":[{"href":"https:\/\/rizzellogas.tattica.online\/index.php\/wp-json\/wp\/v2\/media?parent=2049"}],"wp:term":[{"taxonomy":"product_brand","embeddable":true,"href":"https:\/\/rizzellogas.tattica.online\/index.php\/wp-json\/wp\/v2\/product_brand?post=2049"},{"taxonomy":"product_cat","embeddable":true,"href":"https:\/\/rizzellogas.tattica.online\/index.php\/wp-json\/wp\/v2\/product_cat?post=2049"},{"taxonomy":"product_tag","embeddable":true,"href":"https:\/\/rizzellogas.tattica.online\/index.php\/wp-json\/wp\/v2\/product_tag?post=2049"}],"curies":[{"name":"wp","href":"https:\/\/api.w.org\/{rel}","templated":true}]}}