{"id":2051,"date":"2025-12-17T00:56:33","date_gmt":"2025-12-16T23:56:33","guid":{"rendered":"https:\/\/rizzellogas.tattica.online\/?post_type=product&#038;p=2051"},"modified":"2025-12-17T00:57:12","modified_gmt":"2025-12-16T23:57:12","slug":"barbecue-campingaz-compact-3-l","status":"publish","type":"product","link":"https:\/\/rizzellogas.tattica.online\/index.php\/prodotto\/barbecue-campingaz-compact-3-l\/","title":{"rendered":"BARBECUE CAMPINGAZ COMPACT 3 L"},"content":{"rendered":"<div class=\"left-content\">\n<div class=\"attribute collapsible-md mt-0 mb-lg-5\">\n<h5 class=\"title d-none d-lg-block\" role=\"heading\">Descrizione<\/h5>\n<div class=\"pdp-about-section \">\n<div class=\"\">\n<div id=\"collapsible-pdp-details-1\" class=\"value content\">L&#8217;ultima arrivata nella scuderia Campingaz \u00e8 la serie Compact, progettata pensando ad offrirvi un barbecue dall&#8217;aspetto elegante e dalle prestazioni eccezionali ad un ottimo rapporto qualit\u00e0-prezzo. Non solo il nuovo Compact \u00e8 stato progettato in Europa, questo splendido barbecue \u00e8 ora prodotto in Italia insieme alla linea Select, Xpert, Adelaide e Plancha! I 3 potenti bruciatori in acciaio alluminato erogano 7500 watt di potenza, che forniscono una maggiore distribuzione del calore e una diffusione uniforme della temperatura, consentendo di utilizzare l&#8217;intera superficie di cottura assicurandosi che tutto il cibo sia cotto in modo eccellente.<\/div>\n<\/div>\n<\/div>\n<\/div>\n<\/div>\n<div class=\"right-content\">\n<div class=\"attributeList collapsible-md mt-0 mb-lg-5\">\n<h5 class=\"title d-none d-lg-block\" role=\"heading\">Caratteristiche<\/h5>\n<div class=\"pdp-about-section \">\n<div class=\"\">\n<div id=\"collapsible-pdp-details-2\" class=\"value content m-0\">\n<ul>\n<li class=\"outline\" role=\"listitem\">Riduzione significativa delle fiammate grazie al nuovo design della superficie di cottura.<\/li>\n<li class=\"outline\" role=\"listitem\">Accensione Piezo.<\/li>\n<li class=\"outline\" role=\"listitem\">Sistema con vaschetta raccogli grasso removibile lateralmente.<\/li>\n<li class=\"outline\" role=\"listitem\">Coperchio\/forno con indicatore di temperatura.<\/li>\n<li class=\"outline\" role=\"listitem\">2 grandi ruote fisse per garantire una maggior stabilit\u00e0.<\/li>\n<li class=\"outline\" role=\"listitem\">2 grandi ruote fisse per garantire una maggior stabilit\u00e0.<\/li>\n<\/ul>\n<\/div>\n<\/div>\n<\/div>\n<\/div>\n<\/div>\n","protected":false},"excerpt":{"rendered":"<p>kit tubo e regolatore <strong>OMAGGIO<\/strong><\/p>\n<p>consegna in tutto il Salento <strong>OMAGGIO<\/strong><\/p>\n<p>IN ALTERNATIVA allo sconto indicato, si pu\u00f2 optare per il montaggio completo<\/p>\n<ul>\n<li>\n<div>Siamo a vostra disposizione per qualsiasi info contattateci al numero <span style=\"color: #ff0000\">0833\/581053<\/span>\u00a0oppure\u00a0 \u00a0 \u00a0 \u00a0 \u00a0 \u00a0 \u00a0 \u00a0<span style=\"color: #ff0000\">340\/7882669<\/span>.<\/div>\n<div><\/div>\n<div><span style=\"color: #ff0000\"><strong>-PER\u00a0 TUTTA LA PROVINCIA DI LECCE, PER ACCORDI SULLA MODALITA DI SCARICO E\u00a0 \u00a0MODALITA PAGAMENTO , CONTRASSEGNO \/ POS (I NOSTRI MEZZI SONO MUNITI DI\u00a0 \u00a0PAGOBANCOMAT)\u00a0 CONTATTATECI O AL NUMERO FISSO O SU WHASAPP<\/strong><\/span><\/div>\n<\/li>\n<\/ul>\n","protected":false},"featured_media":2123,"comment_status":"open","ping_status":"closed","template":"","meta":[],"product_brand":[],"product_cat":[137],"product_tag":[],"class_list":{"0":"post-2051","1":"product","2":"type-product","3":"status-publish","4":"has-post-thumbnail","6":"product_cat-barbecue-campingaz","7":"product_shipping_class-oggetti-molto-pesanti","9":"first","10":"instock","11":"shipping-taxable","12":"purchasable","13":"product-type-simple"},"_links":{"self":[{"href":"https:\/\/rizzellogas.tattica.online\/index.php\/wp-json\/wp\/v2\/product\/2051","targetHints":{"allow":["GET"]}}],"collection":[{"href":"https:\/\/rizzellogas.tattica.online\/index.php\/wp-json\/wp\/v2\/product"}],"about":[{"href":"https:\/\/rizzellogas.tattica.online\/index.php\/wp-json\/wp\/v2\/types\/product"}],"replies":[{"embeddable":true,"href":"https:\/\/rizzellogas.tattica.online\/index.php\/wp-json\/wp\/v2\/comments?post=2051"}],"version-history":[{"count":1,"href":"https:\/\/rizzellogas.tattica.online\/index.php\/wp-json\/wp\/v2\/product\/2051\/revisions"}],"predecessor-version":[{"id":2124,"href":"https:\/\/rizzellogas.tattica.online\/index.php\/wp-json\/wp\/v2\/product\/2051\/revisions\/2124"}],"wp:featuredmedia":[{"embeddable":true,"href":"https:\/\/rizzellogas.tattica.online\/index.php\/wp-json\/wp\/v2\/media\/2123"}],"wp:attachment":[{"href":"https:\/\/rizzellogas.tattica.online\/index.php\/wp-json\/wp\/v2\/media?parent=2051"}],"wp:term":[{"taxonomy":"product_brand","embeddable":true,"href":"https:\/\/rizzellogas.tattica.online\/index.php\/wp-json\/wp\/v2\/product_brand?post=2051"},{"taxonomy":"product_cat","embeddable":true,"href":"https:\/\/rizzellogas.tattica.online\/index.php\/wp-json\/wp\/v2\/product_cat?post=2051"},{"taxonomy":"product_tag","embeddable":true,"href":"https:\/\/rizzellogas.tattica.online\/index.php\/wp-json\/wp\/v2\/product_tag?post=2051"}],"curies":[{"name":"wp","href":"https:\/\/api.w.org\/{rel}","templated":true}]}}