{"id":2091,"date":"2025-12-17T00:56:54","date_gmt":"2025-12-16T23:56:54","guid":{"rendered":"https:\/\/rizzellogas.tattica.online\/?post_type=product&#038;p=2091"},"modified":"2025-12-17T00:57:38","modified_gmt":"2025-12-16T23:57:38","slug":"barbecue-campingaz-master-plancha-ex","status":"publish","type":"product","link":"https:\/\/rizzellogas.tattica.online\/index.php\/prodotto\/barbecue-campingaz-master-plancha-ex\/","title":{"rendered":"BARBECUE CAMPINGAZ MASTER PLANCHA EX"},"content":{"rendered":"<div>\n<div class=\"left-content\">\n<div class=\"attribute collapsible-md mt-0 mb-lg-5\">\n<h5 class=\"title d-none d-lg-block\" role=\"heading\">Descrizione<\/h5>\n<div class=\"pdp-about-section \">\n<div class=\"\">\n<div id=\"collapsible-pdp-details-1\" class=\"value content\">Il Master Plancha EX abbina la pi\u00f9 recente tecnologia dei bruciatori con funzioni intelligenti per offrire il massimo della comodit\u00e0 di cottura plancha. La sua superficie di cottura liscia \u00e8 ideale per cucinare una vasta gamma di piatti, in particolare verdure pi\u00f9 fragili, carne e pesce. Accendere la Master Plancha EX \u00e8 semplice e veloce grazie alla nostra tecnologia InstaStart e le prese d&#8217;aria integrate rendono facile controllare che i bruciatori siano accesi. Le manopole di controllo illuminate si aggiungono al fascino elegante del barbecue e facilitano la regolazione della temperatura al calar della notte. Per le massime prestazioni, Plancha Master EX \u00e8 dotata della nostra nuova tecnologia Blue Flame che offre un calore straordinariamente affidabile su tutta l&#8217;area di cottura. L&#8217;ampia superficie di cottura \u00e8 realizzata in ghisa smaltata che conduce efficacemente il calore per cibi perfettamente cotti ogni volta. Con una lussuosa costruzione in acciaio inossidabile, Master Plancha EX ha un coperchio integrato che ripara dal vento e protegge la superficie di cottura quando non viene utilizzata. Le gambe regolabili consentono di adattare facilmente l&#8217;altezza del barbecue all&#8217;ambiente circostante. Una volta terminata la cottura, la Master Plancha EX \u00e8 stata progettata per una facile pulizia con una vaschetta per il grasso rimovibile che pu\u00f2 essere lavata in lavastoviglie.<\/div>\n<\/div>\n<\/div>\n<\/div>\n<\/div>\n<div class=\"right-content\">\n<div class=\"attributeList collapsible-md mt-0 mb-lg-5\">\n<h5 class=\"title d-none d-lg-block\" role=\"heading\">Caratteristiche<\/h5>\n<div class=\"pdp-about-section \">\n<div class=\"\">\n<div id=\"collapsible-pdp-details-2\" class=\"value content m-0\">\n<ul>\n<li class=\"outline\" role=\"listitem\">Pulizia facile: il rivestimento smaltato della superficie di cottura della plancha facilita la pulizia in un batter d&#8217;occhio<\/li>\n<li class=\"outline\" role=\"listitem\">Selezione della temperatura preimpostata<\/li>\n<li class=\"outline\" role=\"listitem\">Contenitore del grasso facilmente accessibile e lavabile in lavastoviglie<\/li>\n<li class=\"outline\" role=\"listitem\">Maniglie integrate per un facile trasporto<\/li>\n<li class=\"outline\" role=\"listitem\">Da 10 a 12 persone possono essere comodamente servite per sessione di grigliata<\/li>\n<\/ul>\n<\/div>\n<\/div>\n<\/div>\n<\/div>\n<\/div>\n<\/div>\n<div><\/div>\n","protected":false},"excerpt":{"rendered":"<p>kit tubo e regolatore <strong>OMAGGIO<\/strong><\/p>\n<p>consegna in tutto il Salento <strong>OMAGGIO<\/strong><\/p>\n<p>IN ALTERNATIVA allo sconto indicato, si pu\u00f2 optare per il montaggio completo <strong>GRATUITO<\/strong> e 1 accessorio campingaz a scelta <strong>OMAGGIO<\/strong><\/p>\n<div>-Siamo a vostra disposizione per qualsiasi info contattateci al numero <span style=\"color: #ff0000\">0833\/581053<\/span> oppure <span style=\"color: #ff0000\">340\/7882669<\/span>.<\/div>\n<div><\/div>\n<div><span style=\"color: #ff0000\"><strong>-PER\u00a0 TUTTA LA PROVINCIA DI LECCE, PER ACCORDI SULLA MODALITA DI SCARICO E\u00a0 \u00a0MODALITA PAGAMENTO , CONTRASSEGNO \/ POS (I NOSTRI MEZZI SONO MUNITI DI\u00a0 \u00a0PAGOBANCOMAT)\u00a0 CONTATTATECI O AL NUMERO FISSO O SU WHATSAPP<\/strong><\/span><\/div>\n","protected":false},"featured_media":2151,"comment_status":"open","ping_status":"closed","template":"","meta":[],"product_brand":[],"product_cat":[137],"product_tag":[],"class_list":{"0":"post-2091","1":"product","2":"type-product","3":"status-publish","4":"has-post-thumbnail","6":"product_cat-barbecue-campingaz","7":"product_shipping_class-oggetti-molto-pesanti","9":"first","10":"instock","11":"shipping-taxable","12":"purchasable","13":"product-type-simple"},"_links":{"self":[{"href":"https:\/\/rizzellogas.tattica.online\/index.php\/wp-json\/wp\/v2\/product\/2091","targetHints":{"allow":["GET"]}}],"collection":[{"href":"https:\/\/rizzellogas.tattica.online\/index.php\/wp-json\/wp\/v2\/product"}],"about":[{"href":"https:\/\/rizzellogas.tattica.online\/index.php\/wp-json\/wp\/v2\/types\/product"}],"replies":[{"embeddable":true,"href":"https:\/\/rizzellogas.tattica.online\/index.php\/wp-json\/wp\/v2\/comments?post=2091"}],"version-history":[{"count":1,"href":"https:\/\/rizzellogas.tattica.online\/index.php\/wp-json\/wp\/v2\/product\/2091\/revisions"}],"predecessor-version":[{"id":2152,"href":"https:\/\/rizzellogas.tattica.online\/index.php\/wp-json\/wp\/v2\/product\/2091\/revisions\/2152"}],"wp:featuredmedia":[{"embeddable":true,"href":"https:\/\/rizzellogas.tattica.online\/index.php\/wp-json\/wp\/v2\/media\/2151"}],"wp:attachment":[{"href":"https:\/\/rizzellogas.tattica.online\/index.php\/wp-json\/wp\/v2\/media?parent=2091"}],"wp:term":[{"taxonomy":"product_brand","embeddable":true,"href":"https:\/\/rizzellogas.tattica.online\/index.php\/wp-json\/wp\/v2\/product_brand?post=2091"},{"taxonomy":"product_cat","embeddable":true,"href":"https:\/\/rizzellogas.tattica.online\/index.php\/wp-json\/wp\/v2\/product_cat?post=2091"},{"taxonomy":"product_tag","embeddable":true,"href":"https:\/\/rizzellogas.tattica.online\/index.php\/wp-json\/wp\/v2\/product_tag?post=2091"}],"curies":[{"name":"wp","href":"https:\/\/api.w.org\/{rel}","templated":true}]}}