{"id":2097,"date":"2025-12-17T00:56:54","date_gmt":"2025-12-16T23:56:54","guid":{"rendered":"https:\/\/rizzellogas.tattica.online\/?post_type=product&#038;p=2097"},"modified":"2025-12-17T00:57:57","modified_gmt":"2025-12-16T23:57:57","slug":"stufa-a-gas-blue-belle-chic-vari-colori-prodotto-italiano","status":"publish","type":"product","link":"https:\/\/rizzellogas.tattica.online\/index.php\/prodotto\/stufa-a-gas-blue-belle-chic-vari-colori-prodotto-italiano\/","title":{"rendered":"Stufa a gas BLUE BELLE CHIC vari colori (prodotto italiano)"},"content":{"rendered":"<div>\n<p>La stufa a gas a fiamma libera Blue Belle Chic ha un design semplice e innovativo, che si adatta facilmente a qualsiasi tipologia di arredamento. E\u2019 ideale per ambienti ventilati con la sua resa termica, ed \u00e8 facilmente trasportabile grazie alle sue 5 ruote. La bombola non \u00e8 visibile, resta all\u2019interno di un vano dotato di portello. La stufa Blue Belle Chic funziona grazie ad un bruciatore a fiamma libera; questa fiamma genera un flusso d\u2019 aria dal basso verso l\u2019alto che crea un ricircolo d\u2019aria nell\u2019ambiente simile a quello di una stufa ventilata. E\u2019, inoltre, dotata di un sistema di analisi di Co2 presente nell\u2019 ambiente, quando \u00e8 troppo alta la stufa si spegne automaticamente. La potenza \u00e8 di 4,2 Kw, il massimo della bombola alloggiabile \u00e8 15 kg e il sistema di accensione \u00e8 con piezo elettrico. Le dimensioni della stufa sono: 38,3 x 43,3 x 77 cm.<\/p>\n<p>IL PRODOTTO E\u2019 ITALIANO- MADE IN ITALY<\/p>\n<p>&nbsp;<\/p>\n<\/div>\n<div><\/div>\n<div>-Siamo a vostra disposizione per qualsiasi info contattateci al numero <span style=\"color: #ff0000\">0833\/581053<\/span> oppure <span style=\"color: #ff0000\">340\/7882669<\/span>.<\/div>\n<div><\/div>\n<div><span style=\"color: #ff0000\"><strong>-PER\u00a0 TUTTA LA PROVINCIA DI LECCE, PER ACCORDI SULLA MODALITA DI SCARICO E\u00a0 \u00a0MODALITA PAGAMENTO , CONTRASSEGNO \/ POS (I NOSTRI MEZZI SONO MUNITI DI\u00a0 \u00a0PAGOBANCOMAT)\u00a0 CONTATTATECI O AL NUMERO FISSO O SU WHATSAPP<\/strong><\/span><\/div>\n","protected":false},"excerpt":{"rendered":"<p>colori disponibili; bianco, nero, bordeaux.<\/p>\n<h2>In omaggio kit tubo e regolatore<\/h2>\n<p>-Consegna compresa nel prezzo (nella provincia), con primo collaudo.<\/p>\n","protected":false},"featured_media":2170,"comment_status":"open","ping_status":"closed","template":"","meta":[],"product_brand":[],"product_cat":[129],"product_tag":[],"class_list":{"0":"post-2097","1":"product","2":"type-product","3":"status-publish","4":"has-post-thumbnail","6":"product_cat-stufe-a-gas-totem-termopatiogpl","7":"product_shipping_class-oggetti-pesanti","9":"first","10":"instock","11":"sale","12":"shipping-taxable","13":"purchasable","14":"product-type-simple"},"_links":{"self":[{"href":"https:\/\/rizzellogas.tattica.online\/index.php\/wp-json\/wp\/v2\/product\/2097","targetHints":{"allow":["GET"]}}],"collection":[{"href":"https:\/\/rizzellogas.tattica.online\/index.php\/wp-json\/wp\/v2\/product"}],"about":[{"href":"https:\/\/rizzellogas.tattica.online\/index.php\/wp-json\/wp\/v2\/types\/product"}],"replies":[{"embeddable":true,"href":"https:\/\/rizzellogas.tattica.online\/index.php\/wp-json\/wp\/v2\/comments?post=2097"}],"version-history":[{"count":1,"href":"https:\/\/rizzellogas.tattica.online\/index.php\/wp-json\/wp\/v2\/product\/2097\/revisions"}],"predecessor-version":[{"id":2171,"href":"https:\/\/rizzellogas.tattica.online\/index.php\/wp-json\/wp\/v2\/product\/2097\/revisions\/2171"}],"wp:featuredmedia":[{"embeddable":true,"href":"https:\/\/rizzellogas.tattica.online\/index.php\/wp-json\/wp\/v2\/media\/2170"}],"wp:attachment":[{"href":"https:\/\/rizzellogas.tattica.online\/index.php\/wp-json\/wp\/v2\/media?parent=2097"}],"wp:term":[{"taxonomy":"product_brand","embeddable":true,"href":"https:\/\/rizzellogas.tattica.online\/index.php\/wp-json\/wp\/v2\/product_brand?post=2097"},{"taxonomy":"product_cat","embeddable":true,"href":"https:\/\/rizzellogas.tattica.online\/index.php\/wp-json\/wp\/v2\/product_cat?post=2097"},{"taxonomy":"product_tag","embeddable":true,"href":"https:\/\/rizzellogas.tattica.online\/index.php\/wp-json\/wp\/v2\/product_tag?post=2097"}],"curies":[{"name":"wp","href":"https:\/\/api.w.org\/{rel}","templated":true}]}}