{"id":2222,"date":"2025-12-17T00:58:24","date_gmt":"2025-12-16T23:58:24","guid":{"rendered":"https:\/\/rizzellogas.tattica.online\/?post_type=product&#038;p=2222"},"modified":"2025-12-17T00:59:11","modified_gmt":"2025-12-16T23:59:11","slug":"babecues-4-series-onyx-s-dg-campingaz","status":"publish","type":"product","link":"https:\/\/rizzellogas.tattica.online\/index.php\/prodotto\/babecues-4-series-onyx-s-dg-campingaz\/","title":{"rendered":"BABECUES 4 SERIES ONYX S DG campingaz"},"content":{"rendered":"<p>La Serie 4 Onyx S 37386 garantisce un calore uniforme e potente grazie ai 4 bruciatori brevettati Blue Flame Power in acciaio inox. Grazie al design dei bruciatori e alla protezione integrata nelle griglie della griglia, si riducono notevolmente i bruciori durante la cottura, per un&#8217;esperienza di grigliata di successo.<\/p>\n<p>Inoltre, il barbecue, con il suo straordinario carrello in acciaio nero, \u00e8 un vero e proprio richiamo visivo nel vostro giardino. La griglia \u00e8 in ghisa e comprende la base Culinary Modular. Se lo si desidera, \u00e8 possibile acquistare ulteriori inserti di cottura, per una maggiore creativit\u00e0 e variet\u00e0. A tal fine, \u00e8 sufficiente rimuovere l&#8217;anello interno della griglia e collocare alla base accessori come una pietra per pizza o un wok. Grazie al nuovo InstaClean Aqua System Pro, pulire dopo il barbecue \u00e8 un gioco da ragazzi. Per utilizzare il sistema, riempire d&#8217;acqua le vaschette di raccolta del grasso accessibili dalla parte anteriore.<\/p>\n<p>L&#8217;acqua pu\u00f2 evaporare durante il processo di grigliatura, evitando che il grasso e i residui di cibo si depositino nel vassoio e risparmiando il noioso lavaggio dopo la grigliatura. Il serbatoio dell&#8217;acqua sporca, comprensivo di filtro, garantisce la separazione dell&#8217;acqua dalle particelle solide per uno smaltimento ancora pi\u00f9 semplice. I tavolini Push2Fold sono un sistema di tavolini robusto e durevole con un meccanismo di ripiegamento migliorato che consente di risparmiare spazio. Con l&#8217;accensione InstaStart inclusa nel grill, la griglia \u00e8 pronta per essere avviata con la semplice pressione di un pulsante e le manopole illuminate indicano se l&#8217;alimentazione del gas \u00e8 aperta, anche al buio.<\/p>\n<p>In questo modo si ha la sicurezza che il gas non fuoriesca involontariamente quando il barbecue non \u00e8 in uso. Il grill \u00e8 inoltre dotato di due griglie scaldavivande da 35 x 17 cm, di un coperchio in acciaio e alluminio, di quattro ruote e di due freni di stazionamento per facilitare il trasporto.<\/p>\n<p><strong>Riduzione significativa delle fiammate<br \/>\n<\/strong>Il design del Blue Flame Power System di Campingaz garantisce un preriscaldamento pi\u00f9 rapido, una distribuzione ottimale del calore e una riduzione delle fiammate.<\/p>\n<p>La protezione del bruciatore \u00e8 integrata nelle griglie in ghisa e sostituisce i coperchi separati dei bruciatori. In questo modo si riducono le infiammazioni incontrollate che possono verificarsi a causa dell&#8217;accumulo di grasso caldo e dei succhi degli alimenti grigliati.<\/p>\n<p><strong>Accensione intuitiva One-Touch InstaStart con pulsanti di controllo illuminati<br \/>\n<\/strong>Premere e ruotare la manopola per accendere facilmente i bruciatori.<\/p>\n<p>Grazie al sistema di accensione elettronica brevettato, il grill pu\u00f2 essere avviato comodamente e offre un elevato livello di sicurezza. Le manopole di controllo illuminate visualizzano il flusso di gas al rispettivo bruciatore.<\/p>\n<ul>\n<li>Dimensioni superficie griglia (cm\u00b2): 3312<\/li>\n<li>Dimensioni superficie di grigliatura (cm): 72 x 46<\/li>\n<li>Bruciatori: bruciatori Blue Flame Power in acciaio inox<\/li>\n<li>Numero di bruciatori: 4<\/li>\n<li>Potenza (kW): 13,6 + 2,3<\/li>\n<li>Consumo di gas (g\/h): 972 + 167<\/li>\n<li>Campingaz InstaClean System: InstaClean Aqua Pro con vaschetta di raccolta dei grassi accessibile dal davanti e vaschette dell&#8217;acqua integrate con filtri in ogni porta<\/li>\n<li>Materiale della superficie della griglia: Ghisa<\/li>\n<li>Composizione della superficie della griglia: 100 % griglia<\/li>\n<li>Base per accessori modulari Culinary: S\u00ec<\/li>\n<li>Griglia calda (2): 35 x 17 cm<\/li>\n<li>Funzione spiedo rotante: S\u00ec<\/li>\n<li>Manopole di controllo illuminate: S\u00ec<\/li>\n<li>Altezza della superficie di grigliatura (cm): 95<\/li>\n<li>Accensione: InstaStart<\/li>\n<li>Visualizzazione della temperatura: S\u00ec<\/li>\n<li>Ripiani laterali: 2<\/li>\n<li>Ripiano laterale ribaltabile: 1<\/li>\n<li>Fornello laterale: 1<\/li>\n<li>Materiale del coperchio: acciaio verniciato e alluminio pressofuso<\/li>\n<li>Materiale del carrello: Acciaio<\/li>\n<li>Configurazione del carrello: Armadio chiuso con 2 porte a doppia parete<\/li>\n<li>Ruote: 4 ruote gommate per impieghi gravosi, 2 con freno di bloccaggio<\/li>\n<li>Piattaforma per bombole di gas: 10 kg<\/li>\n<li><\/li>\n<li>\n<div><\/div>\n<\/li>\n<\/ul>\n","protected":false},"excerpt":{"rendered":"<div>\n<p>kit tubo e regolatore <strong>OMAGGIO<\/strong><\/p>\n<p>consegna in tutto il Salento <strong>OMAGGIO<\/strong><\/p>\n<p>IN ALTERNATIVA allo sconto indicato, si pu\u00f2 optare per il montaggio completo <strong>GRATUITO<\/strong> e 1 accessorio campingaz a scelta <strong>OMAGGIO<\/strong><\/p>\n<p><span style=\"color: #ff0000\">possibile consegna\u00a0<strong>GRATUITA\u00a0<\/strong>in tutto il salento<\/span><\/p>\n<p>Siamo a vostra disposizione per qualsiasi info contattateci al numero\u00a00833\/581053\u00a0oppure\u00a0340\/7882669.<\/p>\n<p>\u2013<strong>PER\u00a0 TUTTA LA PROVINCIA DI LECCE, PER ACCORDI SULLA MODALITA DI SCARICO E\u00a0 MODALITA PAGAMENTO , CONTRASSEGNO \/ POS (I NOSTRI MEZZI SONO MUNITI DI\u00a0 \u00a0PAGOBANCOMAT)\u00a0 CONTATTATECI O AL NUMERO FISSO O SU WHASAPP.<\/strong><\/p>\n<\/div>\n<div><\/div>\n","protected":false},"featured_media":2310,"comment_status":"open","ping_status":"closed","template":"","meta":[],"product_brand":[],"product_cat":[137],"product_tag":[],"class_list":{"0":"post-2222","1":"product","2":"type-product","3":"status-publish","4":"has-post-thumbnail","6":"product_cat-barbecue-campingaz","7":"product_shipping_class-oggetti-pesantissimi","9":"first","10":"instock","11":"shipping-taxable","12":"purchasable","13":"product-type-simple"},"_links":{"self":[{"href":"https:\/\/rizzellogas.tattica.online\/index.php\/wp-json\/wp\/v2\/product\/2222","targetHints":{"allow":["GET"]}}],"collection":[{"href":"https:\/\/rizzellogas.tattica.online\/index.php\/wp-json\/wp\/v2\/product"}],"about":[{"href":"https:\/\/rizzellogas.tattica.online\/index.php\/wp-json\/wp\/v2\/types\/product"}],"replies":[{"embeddable":true,"href":"https:\/\/rizzellogas.tattica.online\/index.php\/wp-json\/wp\/v2\/comments?post=2222"}],"version-history":[{"count":1,"href":"https:\/\/rizzellogas.tattica.online\/index.php\/wp-json\/wp\/v2\/product\/2222\/revisions"}],"predecessor-version":[{"id":2311,"href":"https:\/\/rizzellogas.tattica.online\/index.php\/wp-json\/wp\/v2\/product\/2222\/revisions\/2311"}],"wp:featuredmedia":[{"embeddable":true,"href":"https:\/\/rizzellogas.tattica.online\/index.php\/wp-json\/wp\/v2\/media\/2310"}],"wp:attachment":[{"href":"https:\/\/rizzellogas.tattica.online\/index.php\/wp-json\/wp\/v2\/media?parent=2222"}],"wp:term":[{"taxonomy":"product_brand","embeddable":true,"href":"https:\/\/rizzellogas.tattica.online\/index.php\/wp-json\/wp\/v2\/product_brand?post=2222"},{"taxonomy":"product_cat","embeddable":true,"href":"https:\/\/rizzellogas.tattica.online\/index.php\/wp-json\/wp\/v2\/product_cat?post=2222"},{"taxonomy":"product_tag","embeddable":true,"href":"https:\/\/rizzellogas.tattica.online\/index.php\/wp-json\/wp\/v2\/product_tag?post=2222"}],"curies":[{"name":"wp","href":"https:\/\/api.w.org\/{rel}","templated":true}]}}