{"id":2345,"date":"2025-12-17T00:59:30","date_gmt":"2025-12-16T23:59:30","guid":{"rendered":"https:\/\/rizzellogas.tattica.online\/?post_type=product&#038;p=2345"},"modified":"2025-12-17T01:00:12","modified_gmt":"2025-12-17T00:00:12","slug":"garden-cottage-darwin-evotech","status":"publish","type":"product","link":"https:\/\/rizzellogas.tattica.online\/index.php\/prodotto\/garden-cottage-darwin-evotech\/","title":{"rendered":"garden cottage DARWIN EVOTECH"},"content":{"rendered":"<p><strong>Capanno per attrezzature da giardino.<\/strong><\/p>\n<p>Progettata per riporre forniture da giardino, attrezzi e altro. \u00c8 installato su una superficie piana preparata. Non necessita di cementazione. La costruzione \u00e8 solida, dotata di pavimento, porte a battente, ventilazione, una finestra. Realizzato in materiale composito Evotech di alta qualit\u00e0. Non teme gli sbalzi di temperatura, \u00e8 resistente ai processi di decadimento, non sbiadisce ed \u00e8 altamente durevole. Lucchettabile. Fornito smontato. <strong>Dimensioni<\/strong>: 190x122x221 cm.<strong> 729,0<\/strong>0 euro<\/p>\n<p><strong>Dimensione<\/strong>: 190x183x221 cm.<strong> 992,00<\/strong> euro<\/p>\n<ul class=\"bullet-list\">\n<li class=\"get-solr-val\" data-code=\"website_features_1_s\">Finestra e lucernario per un&#8217;illuminazione naturale<\/li>\n<li class=\"get-solr-val\" data-code=\"website_features_2_s\">Pavimentazione robusta<\/li>\n<li class=\"get-solr-val\" data-code=\"website_features_3_s\">Pannelli resistenti con pareti a doppio strato<\/li>\n<li class=\"get-solr-val\" data-code=\"website_features_4_s\">Soffitto alto<\/li>\n<li class=\"get-solr-val\" data-code=\"website_features_5_s\">Pannelli in EVOTECH+&#x2122;, particolare finitura che riproduce l&#8217;effetto del legno naturale, 100% riciclabili e concepiti per durare nel tempo.<\/li>\n<li class=\"get-solr-val\" data-code=\"website_features_6_s\">Robusta e durevole<\/li>\n<li class=\"get-solr-val\" data-code=\"website_features_7_s\">Completamente esente da manutenzione<\/li>\n<li class=\"get-solr-val\" data-code=\"website_features_8_s\">Facile da assemblare<\/li>\n<li class=\"get-solr-val\" data-code=\"website_features_9_s\">Porta a due ante per permettere l&#8217;accesso agli oggetti di pi\u00f9 grandi dimensioni<\/li>\n<li class=\"get-solr-val\" data-code=\"website_features_9_s\"><span class=\"VIiyi\" lang=\"it\"><span class=\"JLqJ4b ChMk0b\" data-language-for-alternatives=\"it\" data-language-to-translate-into=\"en\" data-phrase-index=\"0\" data-number-of-phrases=\"1\"><span class=\"Q4iAWc\">Rinforzato in metallo per una maggiore resistenza e durata<\/span><\/span><\/span><\/li>\n<li data-code=\"website_features_9_s\"><\/li>\n<li data-code=\"website_features_9_s\">\n<div>Siamo a vostra disposizione per qualsiasi info contattateci al numero\u00a00833\/581053\u00a0oppure\u00a0340\/7882669.<\/div>\n<div><\/div>\n<div><strong>-PER\u00a0 TUTTA LA PROVINCIA DI LECCE, PER ACCORDI SULLA MODALITA DI SCARICO E\u00a0 \u00a0MODALITA PAGAMENTO , CONTRASSEGNO \/ POS (I NOSTRI MEZZI SONO MUNITI DI\u00a0 \u00a0PAGOBANCOMAT)\u00a0 CONTATTATECI O AL NUMERO FISSO O SU WHATSAPP<\/strong><\/div>\n<\/li>\n<\/ul>\n","protected":false},"excerpt":{"rendered":"<p><strong>DUE DIMENSIONI DIFFERENTI<\/strong><\/p>\n<p>possibile consegna <strong>GRATUITA<\/strong> in tutto il Salento<\/p>\n","protected":false},"featured_media":2413,"comment_status":"open","ping_status":"closed","template":"","meta":[],"product_brand":[],"product_cat":[132],"product_tag":[],"class_list":{"0":"post-2345","1":"product","2":"type-product","3":"status-publish","4":"has-post-thumbnail","6":"product_cat-giardinaggio-campeggio","7":"product_shipping_class-oggetti-pesanti","9":"first","10":"instock","11":"shipping-taxable","12":"product-type-simple"},"_links":{"self":[{"href":"https:\/\/rizzellogas.tattica.online\/index.php\/wp-json\/wp\/v2\/product\/2345","targetHints":{"allow":["GET"]}}],"collection":[{"href":"https:\/\/rizzellogas.tattica.online\/index.php\/wp-json\/wp\/v2\/product"}],"about":[{"href":"https:\/\/rizzellogas.tattica.online\/index.php\/wp-json\/wp\/v2\/types\/product"}],"replies":[{"embeddable":true,"href":"https:\/\/rizzellogas.tattica.online\/index.php\/wp-json\/wp\/v2\/comments?post=2345"}],"version-history":[{"count":1,"href":"https:\/\/rizzellogas.tattica.online\/index.php\/wp-json\/wp\/v2\/product\/2345\/revisions"}],"predecessor-version":[{"id":2414,"href":"https:\/\/rizzellogas.tattica.online\/index.php\/wp-json\/wp\/v2\/product\/2345\/revisions\/2414"}],"wp:featuredmedia":[{"embeddable":true,"href":"https:\/\/rizzellogas.tattica.online\/index.php\/wp-json\/wp\/v2\/media\/2413"}],"wp:attachment":[{"href":"https:\/\/rizzellogas.tattica.online\/index.php\/wp-json\/wp\/v2\/media?parent=2345"}],"wp:term":[{"taxonomy":"product_brand","embeddable":true,"href":"https:\/\/rizzellogas.tattica.online\/index.php\/wp-json\/wp\/v2\/product_brand?post=2345"},{"taxonomy":"product_cat","embeddable":true,"href":"https:\/\/rizzellogas.tattica.online\/index.php\/wp-json\/wp\/v2\/product_cat?post=2345"},{"taxonomy":"product_tag","embeddable":true,"href":"https:\/\/rizzellogas.tattica.online\/index.php\/wp-json\/wp\/v2\/product_tag?post=2345"}],"curies":[{"name":"wp","href":"https:\/\/api.w.org\/{rel}","templated":true}]}}