{"id":2594,"date":"2025-12-17T01:02:31","date_gmt":"2025-12-17T00:02:31","guid":{"rendered":"https:\/\/rizzellogas.tattica.online\/?post_type=product&#038;p=2594"},"modified":"2025-12-17T01:03:10","modified_gmt":"2025-12-17T00:03:10","slug":"pompa-filtro-a-cartuccia-bestway-flowclear-58391-per-piscina","status":"publish","type":"product","link":"https:\/\/rizzellogas.tattica.online\/index.php\/prodotto\/pompa-filtro-a-cartuccia-bestway-flowclear-58391-per-piscina\/","title":{"rendered":"Pompa filtro a cartuccia Bestway Flowclear 58391 per piscina"},"content":{"rendered":"<p>La pompa di filtrazione fa circolare l&#8217;acqua pulita pompandola fuori dalla piscina, attraverso una cartuccia filtrante, e la rigetta di nuovo indietro. Sono inclusi, con la pompa Bestway\u00ae, due tubi posizionati in due punti diversi sulla piscina. L&#8217;estremit\u00e0 del tubo flessibile \u00e8 collegata all&#8217;ingresso della pompa del filtro e l&#8217;estremit\u00e0 dell&#8217;altro tubo va inserita in una presa. L&#8217;acqua viene pompata fuori dalla piscina attraverso il tubo di ingresso, prima di essere disinfettata dalla cartuccia del filtro e pompata attraverso il tubo di scarico. Inizia quindi il suo viaggio da capo, fornendo acqua pulita e igienizzata. La pompa del filtro Bestway\u00ae Flowclear&#x2122; da 9.463 L viene fornita con un manuale di istruzioni che guida l&#8217;utente nella semplice procedura di installazione. Raccomandato per l&#8217;uso con piscine da 1.100-62.000 L, la cartuccia antimicrobica \u00e8 inclusa. I connettori per la piscina hanno diametro di 32 e 38 mm.<\/p>\n<p>Caratteristiche tecniche pompa filtro a cartuccia Bestway Flowclear 58391<\/p>\n<ul>\n<li>Materiali: PET riciclabile<\/li>\n<li>Peso: 11,2 kg<\/li>\n<li>Manuale d&#8217;istruzioni incluso<\/li>\n<li>Cartuccia antimicrobica inclusa (58095 &#8211; Type IV &#8211; B)<\/li>\n<li>Connettori 32 mm e 38 mm per piscine Bestway<\/li>\n<li>Capacit\u00e0 del sistema di filtraggio 9.463 l\/h<\/li>\n<li>Dimensioni scatola Bestway: 49x37x41 cm<\/li>\n<li>Indicata per piscine da 1.100-62.000 l<\/li>\n<\/ul>\n","protected":false},"excerpt":{"rendered":"<p>consegna gratuita in tutto il Salento, oppure con tariffe ridotte, spedizione in tutta Italia.<\/p>\n<p><strong>PER TUTTA LA PROVINCIA DI LECCE, PER ACCORDI SULLA MODALITA\u00a0 DI SCARICO E MODALITA DI PAGAMENTO, CONTRASSEGNO\/POS ( I NOSTRI MEZZI SONO MUNITI DI PAGOBANCOMAT ) CONTATTATECI O AL NUMERO FISSO <span style=\"color: #ff0000\">0833-581053<\/span> OPPURE SU WHATSAPP <span style=\"color: #ff0000\">340-7882669<\/span><\/strong><\/p>\n","protected":false},"featured_media":2664,"comment_status":"open","ping_status":"closed","template":"","meta":[],"product_brand":[],"product_cat":[136],"product_tag":[],"class_list":{"0":"post-2594","1":"product","2":"type-product","3":"status-publish","4":"has-post-thumbnail","6":"product_cat-piscine-ricambi-prodotti","8":"first","9":"instock","10":"sale","11":"shipping-taxable","12":"purchasable","13":"product-type-simple"},"_links":{"self":[{"href":"https:\/\/rizzellogas.tattica.online\/index.php\/wp-json\/wp\/v2\/product\/2594","targetHints":{"allow":["GET"]}}],"collection":[{"href":"https:\/\/rizzellogas.tattica.online\/index.php\/wp-json\/wp\/v2\/product"}],"about":[{"href":"https:\/\/rizzellogas.tattica.online\/index.php\/wp-json\/wp\/v2\/types\/product"}],"replies":[{"embeddable":true,"href":"https:\/\/rizzellogas.tattica.online\/index.php\/wp-json\/wp\/v2\/comments?post=2594"}],"version-history":[{"count":1,"href":"https:\/\/rizzellogas.tattica.online\/index.php\/wp-json\/wp\/v2\/product\/2594\/revisions"}],"predecessor-version":[{"id":2665,"href":"https:\/\/rizzellogas.tattica.online\/index.php\/wp-json\/wp\/v2\/product\/2594\/revisions\/2665"}],"wp:featuredmedia":[{"embeddable":true,"href":"https:\/\/rizzellogas.tattica.online\/index.php\/wp-json\/wp\/v2\/media\/2664"}],"wp:attachment":[{"href":"https:\/\/rizzellogas.tattica.online\/index.php\/wp-json\/wp\/v2\/media?parent=2594"}],"wp:term":[{"taxonomy":"product_brand","embeddable":true,"href":"https:\/\/rizzellogas.tattica.online\/index.php\/wp-json\/wp\/v2\/product_brand?post=2594"},{"taxonomy":"product_cat","embeddable":true,"href":"https:\/\/rizzellogas.tattica.online\/index.php\/wp-json\/wp\/v2\/product_cat?post=2594"},{"taxonomy":"product_tag","embeddable":true,"href":"https:\/\/rizzellogas.tattica.online\/index.php\/wp-json\/wp\/v2\/product_tag?post=2594"}],"curies":[{"name":"wp","href":"https:\/\/api.w.org\/{rel}","templated":true}]}}