{"id":2621,"date":"2025-12-17T01:02:53","date_gmt":"2025-12-17T00:02:53","guid":{"rendered":"https:\/\/rizzellogas.tattica.online\/?post_type=product&#038;p=2621"},"modified":"2025-12-17T01:03:13","modified_gmt":"2025-12-17T00:03:13","slug":"pompa-filtro-a-sabbia-bestway-58499-flowclear-da-8327-lt-h-per-piscina","status":"publish","type":"product","link":"https:\/\/rizzellogas.tattica.online\/index.php\/prodotto\/pompa-filtro-a-sabbia-bestway-58499-flowclear-da-8327-lt-h-per-piscina\/","title":{"rendered":"Pompa Filtro A Sabbia Bestway 58499 Flowclear Da 8,327 lt\/h Per Piscina"},"content":{"rendered":"<h2>Pompa Flowclear filtro a sabbia per piscine fuori terra marca Bestway 58499 per una massima resa con poche spese e preoccupazioni.<\/h2>\n<p>La pompa filtro Flowclear a sabbia Bestway 58499 \u00e8 molto pratica e semplice da utilizzare, vi baster\u00e0 collegarla al circuito della piscina e inserire la sabbia per filtraggio che vi durer\u00e0 fino a 5 anni.<br \/>\nLa pompa filtro Flowclear a sabbia Bestway 58499 semplicemente filtrer\u00e0 e depurer\u00e0 meccanicamente attraverso la sabbia di silice l\u2019acqua della piscina restituendola limpida e senza impurit\u00e0 all\u2019interno della piscina.<\/p>\n<p>Caratteristiche tecniche pompa filtro a sabbia Flowclear Bestway 58499:<\/p>\n<ul>\n<li>Portata d&#8217;acqua del sistema di piscina integrata: 8,327 lt\/h<\/li>\n<li>Facile da assemblare<\/li>\n<li>Da usare con piscine capacit\u00e0 1,100-54,500 lt<\/li>\n<li>Flusso d&#8217;acqua della pompa 7,571L\/h (2, gal.\/h)<\/li>\n<li>Serbatoio di filtraggio resistente e anti corrosione<\/li>\n<li>Valvola a 6 posizioni per un semplice controllo<\/li>\n<li>Morsetto a flangia che pu\u00f2 essere ruotato di 360 gradi per una semplice installazione<\/li>\n<li>Manometro semplice da leggere<\/li>\n<li>Cestino di filtraggio posto prima del filtro per raccogliere i detriti pi\u00f9 grandi<\/li>\n<li>Include un dosatore ChemConnect per mantenere e fornire un\u2019acqua della piscina pulita e salutare<\/li>\n<li>Compatibile con valvole dal diametro di 3,2 cm, adattatori inclusi<\/li>\n<li>Pu\u00f2 essere collegata a valvole filettate dal diametro di 3,8 cm<\/li>\n<li>Questo prodotto funziona con normale sabbia o con Polysphere Bestway<\/li>\n<li>Compatibile con la maggior parte delle piscine fuori terra<\/li>\n<li>Sabbia non inclusa<\/li>\n<\/ul>\n","protected":false},"excerpt":{"rendered":"<p>consegna gratuita in tutto il Salento, oppure con tariffe ridotte, spedizione in tutta Italia.<\/p>\n<p><strong>PER TUTTA LA PROVINCIA DI LECCE, PER ACCORDI SULLA MODALITA\u00a0 DI SCARICO E MODALITA DI PAGAMENTO, CONTRASSEGNO\/POS ( I NOSTRI MEZZI SONO MUNITI DI PAGOBANCOMAT ) CONTATTATECI O AL NUMERO FISSO <span style=\"color: #ff0000\">0833-581053<\/span> OPPURE SU WHATSAPP <span style=\"color: #ff0000\">340-7882669<\/span><\/strong><\/p>\n","protected":false},"featured_media":2669,"comment_status":"open","ping_status":"closed","template":"","meta":[],"product_brand":[],"product_cat":[136],"product_tag":[],"class_list":{"0":"post-2621","1":"product","2":"type-product","3":"status-publish","4":"has-post-thumbnail","6":"product_cat-piscine-ricambi-prodotti","8":"first","9":"instock","10":"sale","11":"shipping-taxable","12":"purchasable","13":"product-type-simple"},"_links":{"self":[{"href":"https:\/\/rizzellogas.tattica.online\/index.php\/wp-json\/wp\/v2\/product\/2621","targetHints":{"allow":["GET"]}}],"collection":[{"href":"https:\/\/rizzellogas.tattica.online\/index.php\/wp-json\/wp\/v2\/product"}],"about":[{"href":"https:\/\/rizzellogas.tattica.online\/index.php\/wp-json\/wp\/v2\/types\/product"}],"replies":[{"embeddable":true,"href":"https:\/\/rizzellogas.tattica.online\/index.php\/wp-json\/wp\/v2\/comments?post=2621"}],"version-history":[{"count":1,"href":"https:\/\/rizzellogas.tattica.online\/index.php\/wp-json\/wp\/v2\/product\/2621\/revisions"}],"predecessor-version":[{"id":2670,"href":"https:\/\/rizzellogas.tattica.online\/index.php\/wp-json\/wp\/v2\/product\/2621\/revisions\/2670"}],"wp:featuredmedia":[{"embeddable":true,"href":"https:\/\/rizzellogas.tattica.online\/index.php\/wp-json\/wp\/v2\/media\/2669"}],"wp:attachment":[{"href":"https:\/\/rizzellogas.tattica.online\/index.php\/wp-json\/wp\/v2\/media?parent=2621"}],"wp:term":[{"taxonomy":"product_brand","embeddable":true,"href":"https:\/\/rizzellogas.tattica.online\/index.php\/wp-json\/wp\/v2\/product_brand?post=2621"},{"taxonomy":"product_cat","embeddable":true,"href":"https:\/\/rizzellogas.tattica.online\/index.php\/wp-json\/wp\/v2\/product_cat?post=2621"},{"taxonomy":"product_tag","embeddable":true,"href":"https:\/\/rizzellogas.tattica.online\/index.php\/wp-json\/wp\/v2\/product_tag?post=2621"}],"curies":[{"name":"wp","href":"https:\/\/api.w.org\/{rel}","templated":true}]}}