{"id":2685,"date":"2025-12-17T01:03:15","date_gmt":"2025-12-17T00:03:15","guid":{"rendered":"https:\/\/rizzellogas.tattica.online\/?post_type=product&#038;p=2685"},"modified":"2025-12-17T01:03:47","modified_gmt":"2025-12-17T00:03:47","slug":"nordica-sovrana-easy-evo-2-0-cucina-a-legna-potenza-75-kw-a","status":"publish","type":"product","link":"https:\/\/rizzellogas.tattica.online\/index.php\/prodotto\/nordica-sovrana-easy-evo-2-0-cucina-a-legna-potenza-75-kw-a\/","title":{"rendered":"NORDICA Sovrana Easy Evo 2.0 Cucina a legna potenza 7,5 Kw A+"},"content":{"rendered":"<div>\n<div><strong><span style=\"color: #000000\">N:B<\/span><\/strong> <span style=\"color: #ff0000\">Consegna nella provincia di lecce omaggio, fuori dalla provincia, il trasporto verr\u00e0 preventivato separatamente.<\/span><\/div>\n<div><\/div>\n<\/div>\n<div><\/div>\n<div class=\"description_content\">La cucina a legna Sovrana Easy evo 2.0 di Nordica \u00e8 rivestita in acciaio porcellanato, il focolare \u00e8 in ghisa, la piastra e cerchi sono in ghisa levigata. Il cassetto cenere \u00e8 estraibile. La porta fuoco ha il doppio vetro con interno ceramico.<\/div>\n<div><\/div>\n<div>colori disponibile:<\/div>\n<div><\/div>\n<div>BIANCO<\/div>\n<div>ANTRACITE<\/div>\n<div>CAPUCCINO<\/div>\n<p>&nbsp;<\/p>\n<h1>Scheda Tecnica:<\/h1>\n<div class=\"tab_div_content\">\n<table class=\"corpo_scheda_prodotto_icecat\" border=\"0\" width=\"100%\" cellspacing=\"2\" cellpadding=\"2\">\n<tbody>\n<tr>\n<td class=\"cella_titolo_scheda_prodotto_icecat_stile1\">Focolare<\/td>\n<td class=\"cella_contenuto_scheda_prodotto_icecat_stile1\">Ghisa<\/td>\n<\/tr>\n<tr>\n<td class=\"cella_titolo_scheda_prodotto_icecat_stile1\">Porte<\/td>\n<td class=\"cella_contenuto_scheda_prodotto_icecat_stile1\">Acciaio smaltato<\/td>\n<\/tr>\n<tr>\n<td class=\"cella_titolo_scheda_prodotto_icecat_stile1\">Facciata<\/td>\n<td class=\"cella_contenuto_scheda_prodotto_icecat_stile1\">Ghisa smaltata<\/td>\n<\/tr>\n<tr>\n<td class=\"cella_titolo_scheda_prodotto_icecat_stile1\">Telaio<\/td>\n<td class=\"cella_contenuto_scheda_prodotto_icecat_stile1\">Ghisa smaltata<\/td>\n<\/tr>\n<tr>\n<td class=\"cella_titolo_scheda_prodotto_icecat_stile1\">Piastra e cerchi<\/td>\n<td class=\"cella_contenuto_scheda_prodotto_icecat_stile1\">Ghisa levigata<\/td>\n<\/tr>\n<tr>\n<td class=\"cella_titolo_scheda_prodotto_icecat_stile1\">Cassetto cenere<\/td>\n<td class=\"cella_contenuto_scheda_prodotto_icecat_stile1\">Estraibile<\/td>\n<\/tr>\n<tr>\n<td class=\"cella_titolo_scheda_prodotto_icecat_stile1\">Porta fuoco<\/td>\n<td class=\"cella_contenuto_scheda_prodotto_icecat_stile1\">Doppio vetro, interno ceramico<\/td>\n<\/tr>\n<tr>\n<td class=\"cella_titolo_scheda_prodotto_icecat_stile1\">Porta forno<\/td>\n<td class=\"cella_contenuto_scheda_prodotto_icecat_stile1\">Doppio vetro<\/td>\n<\/tr>\n<tr>\n<td class=\"cella_titolo_scheda_prodotto_icecat_stile1\">Forno<\/td>\n<td class=\"cella_contenuto_scheda_prodotto_icecat_stile1\">Acciaio smaltato porcellanato da 41 l<\/td>\n<\/tr>\n<tr>\n<td class=\"cella_titolo_scheda_prodotto_icecat_stile1\">Sistema di post-combustione per basse emissioni<\/td>\n<td class=\"cella_contenuto_scheda_prodotto_icecat_stile1\">Si<\/td>\n<\/tr>\n<tr>\n<td class=\"cella_titolo_scheda_prodotto_icecat_stile1\">Cassettone porta legna<\/td>\n<td class=\"cella_contenuto_scheda_prodotto_icecat_stile1\">Si<\/td>\n<\/tr>\n<tr>\n<td class=\"cella_titolo_scheda_prodotto_icecat_stile1\">Padella forno smaltata (1 pz)<\/td>\n<td class=\"cella_contenuto_scheda_prodotto_icecat_stile1\">Di serie<\/td>\n<\/tr>\n<tr>\n<td class=\"cella_titolo_scheda_prodotto_icecat_stile1\">Potenza termica nominale<\/td>\n<td class=\"cella_contenuto_scheda_prodotto_icecat_stile1\">7,5 kW<\/td>\n<\/tr>\n<tr>\n<td class=\"cella_titolo_scheda_prodotto_icecat_stile1\">M\u00b3 riscaldabili<\/td>\n<td class=\"cella_contenuto_scheda_prodotto_icecat_stile1\">215 m3<\/td>\n<\/tr>\n<tr>\n<td class=\"cella_titolo_scheda_prodotto_icecat_stile1\">Dimensioni (LxHxP)<\/td>\n<td class=\"cella_contenuto_scheda_prodotto_icecat_stile1\">964x848x641 mm<\/td>\n<\/tr>\n<tr>\n<td class=\"cella_titolo_scheda_prodotto_icecat_stile1\">Peso Netto<\/td>\n<td class=\"cella_contenuto_scheda_prodotto_icecat_stile1\">140 kg<\/td>\n<\/tr>\n<tr>\n<td class=\"cella_titolo_scheda_prodotto_icecat_stile1\">Rendimento<\/td>\n<td class=\"cella_contenuto_scheda_prodotto_icecat_stile1\">0,81<\/td>\n<\/tr>\n<tr>\n<td class=\"cella_titolo_scheda_prodotto_icecat_stile1\">Consumo orario<\/td>\n<td class=\"cella_contenuto_scheda_prodotto_icecat_stile1\">2,2 kg\/h<\/td>\n<\/tr>\n<tr>\n<td class=\"cella_titolo_scheda_prodotto_icecat_stile1\">Diametro scarico fumi (\u00d8)<\/td>\n<td class=\"cella_contenuto_scheda_prodotto_icecat_stile1\">130 mm S<\/td>\n<\/tr>\n<tr>\n<td class=\"cella_titolo_scheda_prodotto_icecat_stile1\">Classe EnergeticaA+<\/td>\n<td class=\"cella_contenuto_scheda_prodotto_icecat_stile1\">A+<\/td>\n<\/tr>\n<tr>\n<td class=\"cella_titolo_scheda_prodotto_icecat_stile1\">Certificazione Ambientale DM186<\/td>\n<td class=\"cella_contenuto_scheda_prodotto_icecat_stile1\">4 STELLE<\/td>\n<\/tr>\n<\/tbody>\n<\/table>\n<\/div>\n","protected":false},"excerpt":{"rendered":"<p>siamo a vostra disposizione per qualsiasi info contattateci al numero 0833\/581053 oppure\u00a0 340\/7882669.<\/p>\n<p><strong>-PER\u00a0 TUTTA LA PROVINCIA DI LECCE, PER ACCORDI SULLA MODALITA DI SCARICO E\u00a0 \u00a0MODALITA PAGAMENTO , CONTRASSEGNO \/ POS (I NOSTRI MEZZI SONO MUNITI DI\u00a0 \u00a0PAGOBANCOMAT)\u00a0 CONTATTATECI O AL NUMERO FISSO O SU WHATSAPP<\/strong><\/p>\n","protected":false},"featured_media":2751,"comment_status":"open","ping_status":"closed","template":"","meta":[],"product_brand":[],"product_cat":[144],"product_tag":[],"class_list":{"0":"post-2685","1":"product","2":"type-product","3":"status-publish","4":"has-post-thumbnail","6":"product_cat-stufe-a-pellet-e-legna-nordica","7":"product_shipping_class-oggetti-pesantissimi","9":"first","10":"instock","11":"sale","12":"shipping-taxable","13":"purchasable","14":"product-type-simple"},"_links":{"self":[{"href":"https:\/\/rizzellogas.tattica.online\/index.php\/wp-json\/wp\/v2\/product\/2685","targetHints":{"allow":["GET"]}}],"collection":[{"href":"https:\/\/rizzellogas.tattica.online\/index.php\/wp-json\/wp\/v2\/product"}],"about":[{"href":"https:\/\/rizzellogas.tattica.online\/index.php\/wp-json\/wp\/v2\/types\/product"}],"replies":[{"embeddable":true,"href":"https:\/\/rizzellogas.tattica.online\/index.php\/wp-json\/wp\/v2\/comments?post=2685"}],"version-history":[{"count":1,"href":"https:\/\/rizzellogas.tattica.online\/index.php\/wp-json\/wp\/v2\/product\/2685\/revisions"}],"predecessor-version":[{"id":2752,"href":"https:\/\/rizzellogas.tattica.online\/index.php\/wp-json\/wp\/v2\/product\/2685\/revisions\/2752"}],"wp:featuredmedia":[{"embeddable":true,"href":"https:\/\/rizzellogas.tattica.online\/index.php\/wp-json\/wp\/v2\/media\/2751"}],"wp:attachment":[{"href":"https:\/\/rizzellogas.tattica.online\/index.php\/wp-json\/wp\/v2\/media?parent=2685"}],"wp:term":[{"taxonomy":"product_brand","embeddable":true,"href":"https:\/\/rizzellogas.tattica.online\/index.php\/wp-json\/wp\/v2\/product_brand?post=2685"},{"taxonomy":"product_cat","embeddable":true,"href":"https:\/\/rizzellogas.tattica.online\/index.php\/wp-json\/wp\/v2\/product_cat?post=2685"},{"taxonomy":"product_tag","embeddable":true,"href":"https:\/\/rizzellogas.tattica.online\/index.php\/wp-json\/wp\/v2\/product_tag?post=2685"}],"curies":[{"name":"wp","href":"https:\/\/api.w.org\/{rel}","templated":true}]}}