{"id":2691,"date":"2025-12-17T01:03:16","date_gmt":"2025-12-17T00:03:16","guid":{"rendered":"https:\/\/rizzellogas.tattica.online\/?post_type=product&#038;p=2691"},"modified":"2025-12-17T01:03:56","modified_gmt":"2025-12-17T00:03:56","slug":"nordica-stufa-a-pellet-annabella-8-canalizzata-extraflame","status":"publish","type":"product","link":"https:\/\/rizzellogas.tattica.online\/index.php\/prodotto\/nordica-stufa-a-pellet-annabella-8-canalizzata-extraflame\/","title":{"rendered":"NORDICA stufa a Pellet ANNABELLA 8 canalizzata extraflame"},"content":{"rendered":"<p><strong><span style=\"color: #000000\">N:B<\/span><\/strong> <span style=\"color: #ff0000\">Consegna nella provincia di lecce omaggio, fuori dalla provincia, il trasporto verr\u00e0 preventivato separatamente.<\/span><\/p>\n<p>&nbsp;<\/p>\n<p>Struttura in acciaio verniciato, colore boreaux. Potenza Kw\/h 8, volume riscaldabile mc. 230, consumo Kg.\/h 0,6-1,8, rendimento (max-min) 92,3\/90,8%, serbatoio pellets a carica dall&#8217;alto, capacit\u00e0 serbatoio 14 Kg., scarico fumi posteriore \u00f8 80 mm., peso Kg. 136. Dimensioni cm. 70x32xH107. Canalizzazione fino a 6 mt. (termostabile) tramite un&#8217;uscita \u00f8 80 mm. posteriore, superiore o laterale. Con telecomando e cronotermostato settimanale.<\/p>\n","protected":false},"excerpt":{"rendered":"<p>siamo a vostra disposizione per qualsiasi info contattateci al numero 0833\/581053 oppure\u00a0 340\/7882669.<\/p>\n<p><strong>-PER\u00a0 TUTTA LA PROVINCIA DI LECCE, PER ACCORDI SULLA MODALITA DI SCARICO E\u00a0 \u00a0MODALITA PAGAMENTO , CONTRASSEGNO \/ POS (I NOSTRI MEZZI SONO MUNITI DI\u00a0 \u00a0PAGOBANCOMAT)\u00a0 CONTATTATECI O AL NUMERO FISSO O SU WHATSAPP<\/strong><\/p>\n","protected":false},"featured_media":2763,"comment_status":"open","ping_status":"closed","template":"","meta":[],"product_brand":[],"product_cat":[144],"product_tag":[],"class_list":{"0":"post-2691","1":"product","2":"type-product","3":"status-publish","4":"has-post-thumbnail","6":"product_cat-stufe-a-pellet-e-legna-nordica","7":"product_shipping_class-oggetti-pesantissimi","9":"first","10":"instock","11":"sale","12":"shipping-taxable","13":"purchasable","14":"product-type-simple"},"_links":{"self":[{"href":"https:\/\/rizzellogas.tattica.online\/index.php\/wp-json\/wp\/v2\/product\/2691","targetHints":{"allow":["GET"]}}],"collection":[{"href":"https:\/\/rizzellogas.tattica.online\/index.php\/wp-json\/wp\/v2\/product"}],"about":[{"href":"https:\/\/rizzellogas.tattica.online\/index.php\/wp-json\/wp\/v2\/types\/product"}],"replies":[{"embeddable":true,"href":"https:\/\/rizzellogas.tattica.online\/index.php\/wp-json\/wp\/v2\/comments?post=2691"}],"version-history":[{"count":1,"href":"https:\/\/rizzellogas.tattica.online\/index.php\/wp-json\/wp\/v2\/product\/2691\/revisions"}],"predecessor-version":[{"id":2764,"href":"https:\/\/rizzellogas.tattica.online\/index.php\/wp-json\/wp\/v2\/product\/2691\/revisions\/2764"}],"wp:featuredmedia":[{"embeddable":true,"href":"https:\/\/rizzellogas.tattica.online\/index.php\/wp-json\/wp\/v2\/media\/2763"}],"wp:attachment":[{"href":"https:\/\/rizzellogas.tattica.online\/index.php\/wp-json\/wp\/v2\/media?parent=2691"}],"wp:term":[{"taxonomy":"product_brand","embeddable":true,"href":"https:\/\/rizzellogas.tattica.online\/index.php\/wp-json\/wp\/v2\/product_brand?post=2691"},{"taxonomy":"product_cat","embeddable":true,"href":"https:\/\/rizzellogas.tattica.online\/index.php\/wp-json\/wp\/v2\/product_cat?post=2691"},{"taxonomy":"product_tag","embeddable":true,"href":"https:\/\/rizzellogas.tattica.online\/index.php\/wp-json\/wp\/v2\/product_tag?post=2691"}],"curies":[{"name":"wp","href":"https:\/\/api.w.org\/{rel}","templated":true}]}}