{"id":2737,"date":"2025-12-17T01:03:38","date_gmt":"2025-12-17T00:03:38","guid":{"rendered":"https:\/\/rizzellogas.tattica.online\/?post_type=product&#038;p=2737"},"modified":"2025-12-17T01:04:18","modified_gmt":"2025-12-17T00:04:18","slug":"savichem-adblue-da-10lt-additivo-per-auto-diesel-con-urea-tecnica-e-acqua-demineralizzata","status":"publish","type":"product","link":"https:\/\/rizzellogas.tattica.online\/index.php\/prodotto\/savichem-adblue-da-10lt-additivo-per-auto-diesel-con-urea-tecnica-e-acqua-demineralizzata\/","title":{"rendered":"Savichem AdBlue da 10Lt additivo per Auto Diesel con urea Tecnica e Acqua demineralizzata"},"content":{"rendered":"<h2 class=\"default\">Descrizione prodotto<\/h2>\n<div id=\"productDescription\" class=\"a-section a-spacing-small\">\n<p>Il Saviche AdBlue (AUS32) \u00e8 una soluzione acquosa di urea progettata per l&#8217;uso nel sistema SCR per ridurre le emissioni di Nox.<br \/>\nSi utilizza in autovetture e autocarri pesanti con condensatore SCR. Standardizzato AUS32 (soluzione acquose di urea) ISO 22241-1-DIN V70070.<br \/>\nDa conservare in un luogo fresco ed usciutto al riparo della luce solare diretta. Non conservare al disotto di -11\u00b0 C e al disopra dei 30\u00b0 C. La temperatura ottimale \u00e8 di 25\u00b0 C, tuttavia, anche se esposta a temperature pi\u00f9 elevate pu\u00f2 essere comunque utilizzato previo raffreddamento. Se AdBlue si congela, basta scongelarlo e utilizzarlo.<br \/>\nNon mettere mai l&#8217;adblue nel serbatoio del gasololio, ma deve essere immesso nell&#8217;apposito serbatoio contrassegnato esclusivamente a tale scopo.<br \/>\nPronto all&#8217;uso, non va diluito o mescolato con altri tipi di liquidi.<\/p>\n<p><span class=\"a-text-bold\">L&#8217;AdBlue di Savichem \u00e8 un prodotto di qualit\u00e0 con registrazione VDA<\/span><\/p>\n<p>A cosa serve l&#8217;AdBlue?<br \/>\nL&#8217;AdBlue \u00e8 un prodotto indispensabile per il funzionamento delle vetture diesel che ne necessitano, il pi\u00f9 efficace nell&#8217;abbattere le emissioni di ossidi di azoto e quindi di gran lunga il pi\u00f9 utilizzato sulle auto di ultima generazione.<\/p>\n<p>Caratteristiche della tanica da 10 litri di AdBlue Savichem<br \/>\nContenuto tanica 10 Lt<br \/>\nComposizione 32,5% urea tecnica e 67,5% acqua demineralizzata<br \/>\nRegistrazione VDA<br \/>\nScadenza prodotto dopo 2 anni<\/p>\n<\/div>\n","protected":false},"excerpt":{"rendered":"<p>siamo a vostra disposizione per qualsiasi info contattateci al numero 0833\/581053 oppure\u00a0 340\/7882669.<\/p>\n<p><strong>-PER\u00a0 TUTTA LA PROVINCIA DI LECCE, PER ACCORDI SULLA MODALITA DI SCARICO E\u00a0 \u00a0MODALITA PAGAMENTO , CONTRASSEGNO \/ POS (I NOSTRI MEZZI SONO MUNITI DI\u00a0 \u00a0PAGOBANCOMAT)\u00a0 CONTATTATECI O AL NUMERO FISSO O SU WHATSAPP<\/strong><\/p>\n","protected":false},"featured_media":2811,"comment_status":"open","ping_status":"closed","template":"","meta":[],"product_brand":[],"product_cat":[126],"product_tag":[],"class_list":{"0":"post-2737","1":"product","2":"type-product","3":"status-publish","4":"has-post-thumbnail","6":"product_cat-accessori-gpl-ferramenta-varia","7":"product_shipping_class-oggetti-pesanti","9":"first","10":"instock","11":"shipping-taxable","12":"purchasable","13":"product-type-simple"},"_links":{"self":[{"href":"https:\/\/rizzellogas.tattica.online\/index.php\/wp-json\/wp\/v2\/product\/2737","targetHints":{"allow":["GET"]}}],"collection":[{"href":"https:\/\/rizzellogas.tattica.online\/index.php\/wp-json\/wp\/v2\/product"}],"about":[{"href":"https:\/\/rizzellogas.tattica.online\/index.php\/wp-json\/wp\/v2\/types\/product"}],"replies":[{"embeddable":true,"href":"https:\/\/rizzellogas.tattica.online\/index.php\/wp-json\/wp\/v2\/comments?post=2737"}],"version-history":[{"count":1,"href":"https:\/\/rizzellogas.tattica.online\/index.php\/wp-json\/wp\/v2\/product\/2737\/revisions"}],"predecessor-version":[{"id":2812,"href":"https:\/\/rizzellogas.tattica.online\/index.php\/wp-json\/wp\/v2\/product\/2737\/revisions\/2812"}],"wp:featuredmedia":[{"embeddable":true,"href":"https:\/\/rizzellogas.tattica.online\/index.php\/wp-json\/wp\/v2\/media\/2811"}],"wp:attachment":[{"href":"https:\/\/rizzellogas.tattica.online\/index.php\/wp-json\/wp\/v2\/media?parent=2737"}],"wp:term":[{"taxonomy":"product_brand","embeddable":true,"href":"https:\/\/rizzellogas.tattica.online\/index.php\/wp-json\/wp\/v2\/product_brand?post=2737"},{"taxonomy":"product_cat","embeddable":true,"href":"https:\/\/rizzellogas.tattica.online\/index.php\/wp-json\/wp\/v2\/product_cat?post=2737"},{"taxonomy":"product_tag","embeddable":true,"href":"https:\/\/rizzellogas.tattica.online\/index.php\/wp-json\/wp\/v2\/product_tag?post=2737"}],"curies":[{"name":"wp","href":"https:\/\/api.w.org\/{rel}","templated":true}]}}