{"id":2772,"date":"2025-12-17T01:04:00","date_gmt":"2025-12-17T00:04:00","guid":{"rendered":"https:\/\/rizzellogas.tattica.online\/?post_type=product&#038;p=2772"},"modified":"2025-12-17T01:04:25","modified_gmt":"2025-12-17T00:04:25","slug":"rilevatore-gas-metano-oppure-g-p-l-fiuto-installazione-a-parete-disponibile-versione-wifi","status":"publish","type":"product","link":"https:\/\/rizzellogas.tattica.online\/index.php\/prodotto\/rilevatore-gas-metano-oppure-g-p-l-fiuto-installazione-a-parete-disponibile-versione-wifi\/","title":{"rendered":"Rilevatore Gas Metano oppure G.P.L FIUTO Installazione A Parete (disponibile versione wifi)"},"content":{"rendered":"<p>Fiuto metano \u00e8 un nuovo rilevatore di gas che consente di comandare un&#8217;elettrovalvola o un dispositivo ausiliario grazie ad un rel\u00e8 di allarme. E&#8217; dotato di un allarme acustico e visivo che preavvisa l&#8217;intervento del rel\u00e8 che commuter\u00e0 se la condizione di allarme perdurer\u00e0 per 30 secondi. La durata dei sensori \u00e8 considerata ottimale per 4 anni dalla data di installazione.<\/p>\n<p>L&#8217;installazione del rilevatore \u00e8 a parete e deve essere posizionato ad un massimo di 30cm dal soffitto. In oltre va installato ad una distanza compresa tra 1 metro e 4 metri dall\u2019utilizzatore a gas(cucina, caldaia ecc.). Possibilmente in ogni locale in cui \u00e8 presente un apparecchio a gas e, nelle abitazioni a pi\u00f9 piani, almeno uno ogni piano.<\/p>\n<p>L&#8217;uscita rel\u00e8 pu\u00f2 essere utilizzata per comandare un&#8217;elettrovalvola e chiudere il gas.<\/p>\n<p><strong>Il dispositivo non \u00e8 ad incasso ma pu\u00f2 coprire comunque una cassetta 503 effettuando l&#8217;installazione su una scatola 503.<\/strong><\/p>\n<p>Dimensioni: larghezza 120mm, Altezza 80mm, Spessore 37mm.<\/p>\n","protected":false},"excerpt":{"rendered":"<p>siamo a vostra disposizione per qualsiasi info contattateci al numero 0833\/581053 oppure\u00a0 340\/7882669.<\/p>\n<p><strong>-PER\u00a0 TUTTA LA PROVINCIA DI LECCE, PER ACCORDI SULLA MODALITA DI SCARICO E\u00a0 \u00a0MODALITA PAGAMENTO , CONTRASSEGNO \/ POS (I NOSTRI MEZZI SONO MUNITI DI\u00a0 \u00a0PAGOBANCOMAT)\u00a0 CONTATTATECI O AL NUMERO FISSO O SU WHATSAPP<\/strong><\/p>\n","protected":false},"featured_media":2832,"comment_status":"open","ping_status":"closed","template":"","meta":[],"product_brand":[],"product_cat":[134,133],"product_tag":[],"class_list":{"0":"post-2772","1":"product","2":"type-product","3":"status-publish","4":"has-post-thumbnail","6":"product_cat-prima-pagina","7":"product_cat-sicurezza","9":"first","10":"instock","11":"sale","12":"shipping-taxable","13":"purchasable","14":"product-type-simple"},"_links":{"self":[{"href":"https:\/\/rizzellogas.tattica.online\/index.php\/wp-json\/wp\/v2\/product\/2772","targetHints":{"allow":["GET"]}}],"collection":[{"href":"https:\/\/rizzellogas.tattica.online\/index.php\/wp-json\/wp\/v2\/product"}],"about":[{"href":"https:\/\/rizzellogas.tattica.online\/index.php\/wp-json\/wp\/v2\/types\/product"}],"replies":[{"embeddable":true,"href":"https:\/\/rizzellogas.tattica.online\/index.php\/wp-json\/wp\/v2\/comments?post=2772"}],"version-history":[{"count":1,"href":"https:\/\/rizzellogas.tattica.online\/index.php\/wp-json\/wp\/v2\/product\/2772\/revisions"}],"predecessor-version":[{"id":2833,"href":"https:\/\/rizzellogas.tattica.online\/index.php\/wp-json\/wp\/v2\/product\/2772\/revisions\/2833"}],"wp:featuredmedia":[{"embeddable":true,"href":"https:\/\/rizzellogas.tattica.online\/index.php\/wp-json\/wp\/v2\/media\/2832"}],"wp:attachment":[{"href":"https:\/\/rizzellogas.tattica.online\/index.php\/wp-json\/wp\/v2\/media?parent=2772"}],"wp:term":[{"taxonomy":"product_brand","embeddable":true,"href":"https:\/\/rizzellogas.tattica.online\/index.php\/wp-json\/wp\/v2\/product_brand?post=2772"},{"taxonomy":"product_cat","embeddable":true,"href":"https:\/\/rizzellogas.tattica.online\/index.php\/wp-json\/wp\/v2\/product_cat?post=2772"},{"taxonomy":"product_tag","embeddable":true,"href":"https:\/\/rizzellogas.tattica.online\/index.php\/wp-json\/wp\/v2\/product_tag?post=2772"}],"curies":[{"name":"wp","href":"https:\/\/api.w.org\/{rel}","templated":true}]}}