{"id":2786,"date":"2025-12-17T01:04:01","date_gmt":"2025-12-17T00:04:01","guid":{"rendered":"https:\/\/rizzellogas.tattica.online\/?post_type=product&#038;p=2786"},"modified":"2025-12-17T01:04:43","modified_gmt":"2025-12-17T00:04:43","slug":"pellet-gmg-enplus-a1-abete","status":"publish","type":"product","link":"https:\/\/rizzellogas.tattica.online\/index.php\/prodotto\/pellet-gmg-enplus-a1-abete\/","title":{"rendered":"pellet GMG ENPLUS A1 &#8220;abete&#8221;"},"content":{"rendered":"<ul>\n<li>-Pellet di abete rosso origine Austria classificato en plus A1.<span style=\"color: #ff0000\">-7,5<\/span><del><span style=\"color: #ff0000\">0 <\/span>\u00a0<\/del><strong>prezzo scontato con scheda gold<\/strong> <span style=\"color: #ff0000\">7,30 <span style=\"color: #000000\">presso il deposito (Ugento, Presicce).<\/span><\/span><\/li>\n<li>&#8211; Per info sulle consegne nella provincia di Lecce (Promozioni Quantit\u00e0\/Modalit\u00e0 di Consegna) chiamare al 3407882669 anche tramite Whatsapp.<\/li>\n<li>Consegna a domicilio nella provincia, sul piano stradale di una o pi\u00f9 pedane prezzo <span style=\"color: #ff0000\">OFFERTA<\/span> euro<span style=\"color: #ff0000\"> 535<\/span> (75 sacchi a 7,13)<span style=\"color: #000000\">.<\/span><\/li>\n<li><\/li>\n<li>Come \u00e8 risaputo il prezzo del pellet varia in base alla stagionalit\u00e0, ed in base anche agli ultimi aumenti registrati; la prevendita nel mese di marzo rimane la pi\u00f9 indicata per bloccare LA MIGLIOR QUALITA&#8217; AL MIGLIOR PREZZO.<\/li>\n<\/ul>\n<div>Il pellet proposto \u00e8 del marchio GMG, provenienza austriaca, ABETE 100% QUALITA&#8217; PREMIUM. Si tratta di abete chiarissimo !<\/div>\n<div><\/div>\n<div><\/div>\n<div>\n<p>Composizione: 100% Abete<\/p>\n<div><strong>Luogo Produzione<\/strong>: Austria<br \/>\n<strong>Cenere<\/strong>:\u00a0 \u2264 0,3 %<br \/>\n<strong>Umidit\u00e0<\/strong>: &lt; 8 %<br \/>\n<strong>Potere calorico<\/strong>:\u00a0 \u2265 4,8 kWh\/kg<\/div>\n<div><\/div>\n<div>\n<div>GMG Austria \u00e8 un pellet di abete di alta qualit\u00e0. GMG Austra viene prodotto solo con uso di legno vergine proveniente da foreste a gestione sostenibile. L&#8217;azienda \u00e8 dotata di certificazione ENPlusA1 numero AT325. Il pellet \u00e8 chiaro, con bassissimo contenuto di ceneri e ottima resa calorica come nella migliore tradizione del pellet Austriaco.<\/div>\n<\/div>\n<\/div>\n","protected":false},"excerpt":{"rendered":"<p>&#8216;-Siamo a vostra disposizione per qualsiasi info contattateci al numero<span style=\"color: #ff0000\"> 0833\/581053<\/span> oppure<span style=\"color: #ff0000\"> 340\/7882669<\/span>.<\/p>\n<p>&#8211;<span style=\"color: #ff0000\"><strong>PER\u00a0 TUTTA LA PROVINCIA DI LECCE, PER ACCORDI SULLA MODALITA DI SCARICO E\u00a0 MODALITA PAGAMENTO , CONTRASSEGNO \/ POS (I NOSTRI MEZZI SONO MUNITI DI\u00a0 \u00a0PAGOBANCOMAT)\u00a0 CONTATTATECI O AL NUMERO FISSO O SU WHATSAPP.<\/strong><\/span><\/p>\n","protected":false},"featured_media":2860,"comment_status":"open","ping_status":"closed","template":"","meta":[],"product_brand":[],"product_cat":[124],"product_tag":[],"class_list":{"0":"post-2786","1":"product","2":"type-product","3":"status-publish","4":"has-post-thumbnail","6":"product_cat-pellet-nocciolino-legna-tronchetti-e-varie","8":"first","9":"outofstock","10":"sale","11":"shipping-taxable","12":"purchasable","13":"product-type-simple"},"_links":{"self":[{"href":"https:\/\/rizzellogas.tattica.online\/index.php\/wp-json\/wp\/v2\/product\/2786","targetHints":{"allow":["GET"]}}],"collection":[{"href":"https:\/\/rizzellogas.tattica.online\/index.php\/wp-json\/wp\/v2\/product"}],"about":[{"href":"https:\/\/rizzellogas.tattica.online\/index.php\/wp-json\/wp\/v2\/types\/product"}],"replies":[{"embeddable":true,"href":"https:\/\/rizzellogas.tattica.online\/index.php\/wp-json\/wp\/v2\/comments?post=2786"}],"version-history":[{"count":1,"href":"https:\/\/rizzellogas.tattica.online\/index.php\/wp-json\/wp\/v2\/product\/2786\/revisions"}],"predecessor-version":[{"id":2861,"href":"https:\/\/rizzellogas.tattica.online\/index.php\/wp-json\/wp\/v2\/product\/2786\/revisions\/2861"}],"wp:featuredmedia":[{"embeddable":true,"href":"https:\/\/rizzellogas.tattica.online\/index.php\/wp-json\/wp\/v2\/media\/2860"}],"wp:attachment":[{"href":"https:\/\/rizzellogas.tattica.online\/index.php\/wp-json\/wp\/v2\/media?parent=2786"}],"wp:term":[{"taxonomy":"product_brand","embeddable":true,"href":"https:\/\/rizzellogas.tattica.online\/index.php\/wp-json\/wp\/v2\/product_brand?post=2786"},{"taxonomy":"product_cat","embeddable":true,"href":"https:\/\/rizzellogas.tattica.online\/index.php\/wp-json\/wp\/v2\/product_cat?post=2786"},{"taxonomy":"product_tag","embeddable":true,"href":"https:\/\/rizzellogas.tattica.online\/index.php\/wp-json\/wp\/v2\/product_tag?post=2786"}],"curies":[{"name":"wp","href":"https:\/\/api.w.org\/{rel}","templated":true}]}}