{"id":2876,"date":"2025-12-17T01:04:45","date_gmt":"2025-12-17T00:04:45","guid":{"rendered":"https:\/\/rizzellogas.tattica.online\/?post_type=product&#038;p=2876"},"modified":"2025-12-17T01:05:35","modified_gmt":"2025-12-17T00:05:35","slug":"pulitori-aspiratori-batteria-acquatech-bestway","status":"publish","type":"product","link":"https:\/\/rizzellogas.tattica.online\/index.php\/prodotto\/pulitori-aspiratori-batteria-acquatech-bestway\/","title":{"rendered":"Pulitori aspiratori batteria acquatech Bestway"},"content":{"rendered":"<p>L&#8217;aspirapolvere per piscina Flowclear&#x2122; AquaTech&#x2122; di Bestway\u00ae \u00e8 il supporto perfetto per la manutenzione della piscina. Funziona con 8 batterie AA (non incluse). Il contenitore dello sporco trasparente consente di vedere pi\u00f9 facilmente quando \u00e8 il momento di svuotarlo completamente. Con l&#8217;asta telescopica regolabile in 3 parti, questo aspiratore pu\u00f2 essere utilizzato in piscine con un diametro fino a 305 cm. In questo modo si pu\u00f2 facilmente raggiungere luoghi difficili per rimuovere completamente depositi e sporco.<br \/>\nCaratteristiche tecniche:<br \/>\nCompatibile con piscine fino a 3.05 m di diametro<br \/>\nL aspiratore richiede 8 batterie AA (non incluse)<br \/>\nL asta telescopica a 3 sezioni permette di regolare la lunghezza dell aspiratore<br \/>\nIl vano di raccolta detriti trasparente da 0,65 L mostra quando il pulitore deve essere svuotato<br \/>\nContenuto: 1 aspiratore cordless AquaTech<\/p>\n","protected":false},"excerpt":{"rendered":"<p>&#8216;-Siamo a vostra disposizione per qualsiasi info contattateci al numero <span style=\"color: #ff0000\">0833\/581053<\/span> oppure<span style=\"color: #ff0000\"> 340\/7882669<\/span>.<\/p>\n<p>&#8211;<span style=\"color: #ff0000\"><strong>PER\u00a0 TUTTA LA PROVINCIA DI LECCE, PER ACCORDI SULLA MODALITA DI SCARICO E\u00a0 MODALITA PAGAMENTO , CONTRASSEGNO \/ POS (I NOSTRI MEZZI SONO MUNITI DI\u00a0 \u00a0PAGOBANCOMAT)\u00a0 CONTATTATECI O AL NUMERO FISSO O SU WHASAPP.<\/strong><\/span><\/p>\n","protected":false},"featured_media":2962,"comment_status":"open","ping_status":"closed","template":"","meta":[],"product_brand":[],"product_cat":[136],"product_tag":[],"class_list":{"0":"post-2876","1":"product","2":"type-product","3":"status-publish","4":"has-post-thumbnail","6":"product_cat-piscine-ricambi-prodotti","8":"first","9":"instock","10":"sale","11":"shipping-taxable","12":"purchasable","13":"product-type-simple"},"_links":{"self":[{"href":"https:\/\/rizzellogas.tattica.online\/index.php\/wp-json\/wp\/v2\/product\/2876","targetHints":{"allow":["GET"]}}],"collection":[{"href":"https:\/\/rizzellogas.tattica.online\/index.php\/wp-json\/wp\/v2\/product"}],"about":[{"href":"https:\/\/rizzellogas.tattica.online\/index.php\/wp-json\/wp\/v2\/types\/product"}],"replies":[{"embeddable":true,"href":"https:\/\/rizzellogas.tattica.online\/index.php\/wp-json\/wp\/v2\/comments?post=2876"}],"version-history":[{"count":1,"href":"https:\/\/rizzellogas.tattica.online\/index.php\/wp-json\/wp\/v2\/product\/2876\/revisions"}],"predecessor-version":[{"id":2963,"href":"https:\/\/rizzellogas.tattica.online\/index.php\/wp-json\/wp\/v2\/product\/2876\/revisions\/2963"}],"wp:featuredmedia":[{"embeddable":true,"href":"https:\/\/rizzellogas.tattica.online\/index.php\/wp-json\/wp\/v2\/media\/2962"}],"wp:attachment":[{"href":"https:\/\/rizzellogas.tattica.online\/index.php\/wp-json\/wp\/v2\/media?parent=2876"}],"wp:term":[{"taxonomy":"product_brand","embeddable":true,"href":"https:\/\/rizzellogas.tattica.online\/index.php\/wp-json\/wp\/v2\/product_brand?post=2876"},{"taxonomy":"product_cat","embeddable":true,"href":"https:\/\/rizzellogas.tattica.online\/index.php\/wp-json\/wp\/v2\/product_cat?post=2876"},{"taxonomy":"product_tag","embeddable":true,"href":"https:\/\/rizzellogas.tattica.online\/index.php\/wp-json\/wp\/v2\/product_tag?post=2876"}],"curies":[{"name":"wp","href":"https:\/\/api.w.org\/{rel}","templated":true}]}}