{"id":2913,"date":"2025-12-17T01:05:07","date_gmt":"2025-12-17T00:05:07","guid":{"rendered":"https:\/\/rizzellogas.tattica.online\/?post_type=product&#038;p=2913"},"modified":"2025-12-17T01:05:36","modified_gmt":"2025-12-17T00:05:36","slug":"pulitori-aspiratori-batteria-wanda-kokido","status":"publish","type":"product","link":"https:\/\/rizzellogas.tattica.online\/index.php\/prodotto\/pulitori-aspiratori-batteria-wanda-kokido\/","title":{"rendered":"Pulitori aspiratori batteria wanda Kokido"},"content":{"rendered":"<div class=\"mc-accordion__header\">\n<h2 class=\"mc-accordion__title\" role=\"heading\"><button id=\"featuresAccordion\" class=\"mc-accordion__trigger js-accordion__trigger \" type=\"button\" aria-controls=\"featuresAccordion__content\" aria-expanded=\"true\">Caratteristiche<\/button><\/h2>\n<\/div>\n<div id=\"featuresAccordion__content\" class=\"mc-accordion__content js-accordion__content\" aria-hidden=\"false\" aria-labelledby=\"featuresAccordion\">\n<div class=\"o-product-detail-informations__accordion-content\">\n<div class=\"o-product-detail-informations__description\">\n<p>&nbsp;<\/p>\n<p>&nbsp;<\/p>\n<p>Finalmente ! &#8230;era l&#8217;accessorio per piscina e Spa che mancava ..&nbsp;<\/p>\n<p>L&#8217;aspiratore per spa a batteria Wanda&#x2122; elimina rapidamente sabbia, ghiaia e altri detriti dal fondo della vostra spa.<\/p>\n<p>\u00c8 anche adatto per piccole piscine e per la pulizia di parti delimitate di piscine con dimensioni pi\u00f9 importanti , dato che risulter\u00e0 difficile aspirare quei detriti di piccolissime dimensioni .<\/p>\n<p>Il pulitore a batteria non ha bisogno di alcun collegamento al tubo o cavo elettrico, i detriti vengono<br \/>\naspirati in una resistente gabbia del filtro in acciaio inossidabile, e il suo corpo trasparente mostra quando il filtro \u00e8 pieno.<\/p>\n<p>&nbsp;<\/p>\n<p>Quando necessario, la gabbia del filtro pu\u00f2 essere facilmente rimossa, svuotata e sostituita.<br \/>\nL&#8217;aspirazione \u00e8 generata dalla pompa a batteria con 8 batterie AA (non incluse).<br \/>\nIl manico telescopico raggiunge fino a 1,9 m quando \u00e8 completamente esteso.<br \/>\nScarico coperto da griglia dall&#8217;elica per una maggiore sicurezza.<br \/>\nGabbia del filtro in acciaio inossidabile di alta qualit\u00e0.<br \/>\nTempo di lavoro con batterie nuove, fino a 90 minuti, a seconda della marca della batteria.<\/p>\n<p>Capacit\u00e0 del filtro 100 ml<br \/>\nPortata12 lt per minuto<br \/>\nInclude una spazzola a clip per rimuovere i detriti pi\u00f9 ostinati.<\/p>\n<p>Ora si che puoi avere l&#8217;acqua cristallina nella tua piscina e Spa !<\/p>\n<\/div>\n<\/div>\n<\/div>\n","protected":false},"excerpt":{"rendered":"<p>&#8216;-Siamo a vostra disposizione per qualsiasi info contattateci al numero <span style=\"color: #ff0000\">0833\/581053<\/span> oppure<span style=\"color: #ff0000\"> 340\/7882669<\/span>.<\/p>\n<p>&#8211;<span style=\"color: #ff0000\"><strong>PER\u00a0 TUTTA LA PROVINCIA DI LECCE, PER ACCORDI SULLA MODALITA DI SCARICO E\u00a0 MODALITA PAGAMENTO , CONTRASSEGNO \/ POS (I NOSTRI MEZZI SONO MUNITI DI\u00a0 \u00a0PAGOBANCOMAT)\u00a0 CONTATTATECI O AL NUMERO FISSO O SU WHASAPP.<\/strong><\/span><\/p>\n","protected":false},"featured_media":2964,"comment_status":"open","ping_status":"closed","template":"","meta":[],"product_brand":[],"product_cat":[136],"product_tag":[],"class_list":{"0":"post-2913","1":"product","2":"type-product","3":"status-publish","4":"has-post-thumbnail","6":"product_cat-piscine-ricambi-prodotti","8":"first","9":"instock","10":"shipping-taxable","11":"purchasable","12":"product-type-simple"},"_links":{"self":[{"href":"https:\/\/rizzellogas.tattica.online\/index.php\/wp-json\/wp\/v2\/product\/2913","targetHints":{"allow":["GET"]}}],"collection":[{"href":"https:\/\/rizzellogas.tattica.online\/index.php\/wp-json\/wp\/v2\/product"}],"about":[{"href":"https:\/\/rizzellogas.tattica.online\/index.php\/wp-json\/wp\/v2\/types\/product"}],"replies":[{"embeddable":true,"href":"https:\/\/rizzellogas.tattica.online\/index.php\/wp-json\/wp\/v2\/comments?post=2913"}],"version-history":[{"count":1,"href":"https:\/\/rizzellogas.tattica.online\/index.php\/wp-json\/wp\/v2\/product\/2913\/revisions"}],"predecessor-version":[{"id":2965,"href":"https:\/\/rizzellogas.tattica.online\/index.php\/wp-json\/wp\/v2\/product\/2913\/revisions\/2965"}],"wp:featuredmedia":[{"embeddable":true,"href":"https:\/\/rizzellogas.tattica.online\/index.php\/wp-json\/wp\/v2\/media\/2964"}],"wp:attachment":[{"href":"https:\/\/rizzellogas.tattica.online\/index.php\/wp-json\/wp\/v2\/media?parent=2913"}],"wp:term":[{"taxonomy":"product_brand","embeddable":true,"href":"https:\/\/rizzellogas.tattica.online\/index.php\/wp-json\/wp\/v2\/product_brand?post=2913"},{"taxonomy":"product_cat","embeddable":true,"href":"https:\/\/rizzellogas.tattica.online\/index.php\/wp-json\/wp\/v2\/product_cat?post=2913"},{"taxonomy":"product_tag","embeddable":true,"href":"https:\/\/rizzellogas.tattica.online\/index.php\/wp-json\/wp\/v2\/product_tag?post=2913"}],"curies":[{"name":"wp","href":"https:\/\/api.w.org\/{rel}","templated":true}]}}