{"id":3009,"date":"2025-12-17T01:05:55","date_gmt":"2025-12-17T00:05:55","guid":{"rendered":"https:\/\/rizzellogas.tattica.online\/?post_type=product&#038;p=3009"},"modified":"2025-12-17T01:06:40","modified_gmt":"2025-12-17T00:06:40","slug":"materassini-fashion-lounge","status":"publish","type":"product","link":"https:\/\/rizzellogas.tattica.online\/index.php\/prodotto\/materassini-fashion-lounge\/","title":{"rendered":"Materassini Fashion Lounge"},"content":{"rendered":"<p>Materassino Gonfiabile Fashion Lounge 188&#215;71 cm<\/p>\n<p>Materasso molto comodo che grazie alla sua struttura a telaio fornir\u00e0 una posizione adeguata al tuo corpo.<br \/>\nI fori possono anche essere usati come portabevande. Materassino gonfiabile fashion lounge fai un tuffo in piscina o in spiaggia con l elegante fashion lounge. Quando arriver\u00e0 l estate sarai il pi\u00f9 cool dei tuoi amici non preoccuparti del gonfiaggio perch\u00e8 le due camere d aria rendono l operazione facile e veloce. Il cuscino integrato \u00e8 comodo per i sonnellini pomeridiani. Questo materassino gonfiabile presenta un design robusto ed \u00e8 realizzato in resistente materiale vinilico. Viene fornito una toppa per riparare eventuali forature che possono verificarsi.<\/p>\n<ul>\n<li>Valvole di sicurezza<\/li>\n<li>Vinile resistente pretestato<\/li>\n<li>2 camere ad aria<\/li>\n<li>Struttura &#8220;coil beam&#8221; con cuscino in tubolare<\/li>\n<li>Toppa di riparazione inclusa<\/li>\n<li>Disponibile in 3 colori diversi<\/li>\n<\/ul>\n<p><strong>Contenuto della confezione:<\/strong><\/p>\n<ul>\n<li>1 gonfiabile<\/li>\n<li>toppa di riparazione<\/li>\n<\/ul>\n","protected":false},"excerpt":{"rendered":"<p>&#8216;-Siamo a vostra disposizione per qualsiasi info contattateci al numero <span style=\"color: #ff0000\">0833\/581053<\/span> oppure<span style=\"color: #ff0000\"> 340\/7882669<\/span>.<\/p>\n<p>&#8211;<span style=\"color: #ff0000\"><strong>PER\u00a0 TUTTA LA PROVINCIA DI LECCE, PER ACCORDI SULLA MODALITA DI SCARICO E\u00a0 MODALITA PAGAMENTO , CONTRASSEGNO \/ POS (I NOSTRI MEZZI SONO MUNITI DI\u00a0 \u00a0PAGOBANCOMAT)\u00a0 CONTATTATECI O AL NUMERO FISSO O SU WHASAPP.<\/strong><\/span><\/p>\n","protected":false},"featured_media":3079,"comment_status":"open","ping_status":"closed","template":"","meta":[],"product_brand":[],"product_cat":[145],"product_tag":[],"class_list":{"0":"post-3009","1":"product","2":"type-product","3":"status-publish","4":"has-post-thumbnail","6":"product_cat-gonfiabili-e-spiaggia","8":"first","9":"instock","10":"sale","11":"shipping-taxable","12":"purchasable","13":"product-type-simple"},"_links":{"self":[{"href":"https:\/\/rizzellogas.tattica.online\/index.php\/wp-json\/wp\/v2\/product\/3009","targetHints":{"allow":["GET"]}}],"collection":[{"href":"https:\/\/rizzellogas.tattica.online\/index.php\/wp-json\/wp\/v2\/product"}],"about":[{"href":"https:\/\/rizzellogas.tattica.online\/index.php\/wp-json\/wp\/v2\/types\/product"}],"replies":[{"embeddable":true,"href":"https:\/\/rizzellogas.tattica.online\/index.php\/wp-json\/wp\/v2\/comments?post=3009"}],"version-history":[{"count":1,"href":"https:\/\/rizzellogas.tattica.online\/index.php\/wp-json\/wp\/v2\/product\/3009\/revisions"}],"predecessor-version":[{"id":3080,"href":"https:\/\/rizzellogas.tattica.online\/index.php\/wp-json\/wp\/v2\/product\/3009\/revisions\/3080"}],"wp:featuredmedia":[{"embeddable":true,"href":"https:\/\/rizzellogas.tattica.online\/index.php\/wp-json\/wp\/v2\/media\/3079"}],"wp:attachment":[{"href":"https:\/\/rizzellogas.tattica.online\/index.php\/wp-json\/wp\/v2\/media?parent=3009"}],"wp:term":[{"taxonomy":"product_brand","embeddable":true,"href":"https:\/\/rizzellogas.tattica.online\/index.php\/wp-json\/wp\/v2\/product_brand?post=3009"},{"taxonomy":"product_cat","embeddable":true,"href":"https:\/\/rizzellogas.tattica.online\/index.php\/wp-json\/wp\/v2\/product_cat?post=3009"},{"taxonomy":"product_tag","embeddable":true,"href":"https:\/\/rizzellogas.tattica.online\/index.php\/wp-json\/wp\/v2\/product_tag?post=3009"}],"curies":[{"name":"wp","href":"https:\/\/api.w.org\/{rel}","templated":true}]}}