{"id":3041,"date":"2025-12-17T01:06:18","date_gmt":"2025-12-17T00:06:18","guid":{"rendered":"https:\/\/rizzellogas.tattica.online\/?post_type=product&#038;p=3041"},"modified":"2025-12-17T01:06:46","modified_gmt":"2025-12-17T00:06:46","slug":"materassini-spicchio-kiwi-intex","status":"publish","type":"product","link":"https:\/\/rizzellogas.tattica.online\/index.php\/prodotto\/materassini-spicchio-kiwi-intex\/","title":{"rendered":"Materassini spicchio Kiwi Intex"},"content":{"rendered":"<p>Il materassino gonfiabile Intex 58764 Kiwi Slice perfetto per prendere il sole comodamente in piscina con uno degli articoli pi\u00f9 glamour dell&#8217;estate.<br \/>\nTra le tante novit\u00e0 di quest&#8217;anno esso \u00e8 uno dei prodotti pi\u00f9 popolari del momento, grazie al suo design esclusivo e all&#8217;innovativo effetto realistic printing doner\u00e0 esclusivit\u00e0 ed eleganza alla tua piscina e al tuo giardino.<br \/>\nE&#8217; realizzato in vinile multistrato in grado di rendere l&#8217;intera struttura molto robusta e resistenza e nel contempo leggero e confortevole.<br \/>\nPerfetto per coricarsi completamente e prendere comodamente e in tutta libert\u00e0 il sole nella propria piscina senza problemi interni di spazi.<br \/>\nIl design ricercato rappresenta perfettamente una fetta di Kiwi e l&#8217;innovativo sistema di produzione realistic printing la rappresentano con colori brillanti e in maniera definita.<\/p>\n<p>Dimensioni: 178x85cm<br \/>\nToppa di riparazione inclusa<\/p>\n","protected":false},"excerpt":{"rendered":"<p>&#8216;-Siamo a vostra disposizione per qualsiasi info contattateci al numero <span style=\"color: #ff0000\">0833\/581053<\/span> oppure<span style=\"color: #ff0000\"> 340\/7882669<\/span>.<\/p>\n<p>&#8211;<span style=\"color: #ff0000\"><strong>PER\u00a0 TUTTA LA PROVINCIA DI LECCE, PER ACCORDI SULLA MODALITA DI SCARICO E\u00a0 MODALITA PAGAMENTO , CONTRASSEGNO \/ POS (I NOSTRI MEZZI SONO MUNITI DI\u00a0 \u00a0PAGOBANCOMAT)\u00a0 CONTATTATECI O AL NUMERO FISSO O SU WHASAPP.<\/strong><\/span><\/p>\n","protected":false},"featured_media":3100,"comment_status":"open","ping_status":"closed","template":"","meta":[],"product_brand":[],"product_cat":[145],"product_tag":[],"class_list":{"0":"post-3041","1":"product","2":"type-product","3":"status-publish","4":"has-post-thumbnail","6":"product_cat-gonfiabili-e-spiaggia","8":"first","9":"instock","10":"sale","11":"shipping-taxable","12":"purchasable","13":"product-type-simple"},"_links":{"self":[{"href":"https:\/\/rizzellogas.tattica.online\/index.php\/wp-json\/wp\/v2\/product\/3041","targetHints":{"allow":["GET"]}}],"collection":[{"href":"https:\/\/rizzellogas.tattica.online\/index.php\/wp-json\/wp\/v2\/product"}],"about":[{"href":"https:\/\/rizzellogas.tattica.online\/index.php\/wp-json\/wp\/v2\/types\/product"}],"replies":[{"embeddable":true,"href":"https:\/\/rizzellogas.tattica.online\/index.php\/wp-json\/wp\/v2\/comments?post=3041"}],"version-history":[{"count":1,"href":"https:\/\/rizzellogas.tattica.online\/index.php\/wp-json\/wp\/v2\/product\/3041\/revisions"}],"predecessor-version":[{"id":3101,"href":"https:\/\/rizzellogas.tattica.online\/index.php\/wp-json\/wp\/v2\/product\/3041\/revisions\/3101"}],"wp:featuredmedia":[{"embeddable":true,"href":"https:\/\/rizzellogas.tattica.online\/index.php\/wp-json\/wp\/v2\/media\/3100"}],"wp:attachment":[{"href":"https:\/\/rizzellogas.tattica.online\/index.php\/wp-json\/wp\/v2\/media?parent=3041"}],"wp:term":[{"taxonomy":"product_brand","embeddable":true,"href":"https:\/\/rizzellogas.tattica.online\/index.php\/wp-json\/wp\/v2\/product_brand?post=3041"},{"taxonomy":"product_cat","embeddable":true,"href":"https:\/\/rizzellogas.tattica.online\/index.php\/wp-json\/wp\/v2\/product_cat?post=3041"},{"taxonomy":"product_tag","embeddable":true,"href":"https:\/\/rizzellogas.tattica.online\/index.php\/wp-json\/wp\/v2\/product_tag?post=3041"}],"curies":[{"name":"wp","href":"https:\/\/api.w.org\/{rel}","templated":true}]}}