{"id":3048,"date":"2025-12-17T01:06:19","date_gmt":"2025-12-17T00:06:19","guid":{"rendered":"https:\/\/rizzellogas.tattica.online\/?post_type=product&#038;p=3048"},"modified":"2025-12-17T01:06:57","modified_gmt":"2025-12-17T00:06:57","slug":"poltrone-flip-pillow-bestway","status":"publish","type":"product","link":"https:\/\/rizzellogas.tattica.online\/index.php\/prodotto\/poltrone-flip-pillow-bestway\/","title":{"rendered":"Poltrone flip pillow Bestway"},"content":{"rendered":"<p>La sensazionale sedia da nuoto Bestway sar\u00e0 perfetta per oziare in acqua. Lo schienale comodo e il portabicchieri ti permetteranno di rilassarti completamente. Il prodotto presentato pu\u00f2 essere utilizzato sia come materassino da nuoto, ma anche come poltrona.<\/p>\n<p>Possiamo usarlo sia per nuotare che per prendere il sole. Il materassino \u00e8 in PVC. Il suo carico massimo \u00e8 di 90 chilogrammi. Il sedile \u00e8 stato comodamente sagomato e garantisce un contatto costante con l\u2019acqua.<\/p>\n<p>In caso di danni alla superficie gonfiabile, nel kit \u00e8 inclusa una toppa di riparazione. La sedia ha uno schienale completamente regolabile sotto forma di un cuscino gonfiabile e mobile.<\/p>\n<p><strong>Dati tecnici:<\/strong><\/p>\n<ul>\n<li>dimensioni poltrona 102 x 94 cm<\/li>\n<li>spessore della parete in vinile 0,24 mm<\/li>\n<li>peso circa 0,68 kg<\/li>\n<li>peso massimo utente circa 90 kg<\/li>\n<\/ul>\n<p>La sedia da spiaggia \u00e8 leggera e maneggevole. Non occupa molto spazio, quindi puoi portarla ovunque.<br \/>\nPer nuotare in piscina cos\u00ec come al lago o al mare.<br \/>\nLa sedia \u00e8 progettata esclusivamente per l\u2019uso in acqua, a una profondit\u00e0 che consenta al bambino di toccare il fondo, sotto la supervisione di un genitore.<\/p>\n","protected":false},"excerpt":{"rendered":"<p>&#8216;-Siamo a vostra disposizione per qualsiasi info contattateci al numero <span style=\"color: #ff0000\">0833\/581053<\/span> oppure<span style=\"color: #ff0000\"> 340\/7882669<\/span>.<\/p>\n<p>&#8211;<span style=\"color: #ff0000\"><strong>PER\u00a0 TUTTA LA PROVINCIA DI LECCE, PER ACCORDI SULLA MODALITA DI SCARICO E\u00a0 MODALITA PAGAMENTO , CONTRASSEGNO \/ POS (I NOSTRI MEZZI SONO MUNITI DI\u00a0 \u00a0PAGOBANCOMAT)\u00a0 CONTATTATECI O AL NUMERO FISSO O SU WHASAPP.<\/strong><\/span><\/p>\n","protected":false},"featured_media":3114,"comment_status":"open","ping_status":"closed","template":"","meta":[],"product_brand":[],"product_cat":[145],"product_tag":[],"class_list":{"0":"post-3048","1":"product","2":"type-product","3":"status-publish","4":"has-post-thumbnail","6":"product_cat-gonfiabili-e-spiaggia","8":"first","9":"instock","10":"sale","11":"shipping-taxable","12":"purchasable","13":"product-type-simple"},"_links":{"self":[{"href":"https:\/\/rizzellogas.tattica.online\/index.php\/wp-json\/wp\/v2\/product\/3048","targetHints":{"allow":["GET"]}}],"collection":[{"href":"https:\/\/rizzellogas.tattica.online\/index.php\/wp-json\/wp\/v2\/product"}],"about":[{"href":"https:\/\/rizzellogas.tattica.online\/index.php\/wp-json\/wp\/v2\/types\/product"}],"replies":[{"embeddable":true,"href":"https:\/\/rizzellogas.tattica.online\/index.php\/wp-json\/wp\/v2\/comments?post=3048"}],"version-history":[{"count":1,"href":"https:\/\/rizzellogas.tattica.online\/index.php\/wp-json\/wp\/v2\/product\/3048\/revisions"}],"predecessor-version":[{"id":3115,"href":"https:\/\/rizzellogas.tattica.online\/index.php\/wp-json\/wp\/v2\/product\/3048\/revisions\/3115"}],"wp:featuredmedia":[{"embeddable":true,"href":"https:\/\/rizzellogas.tattica.online\/index.php\/wp-json\/wp\/v2\/media\/3114"}],"wp:attachment":[{"href":"https:\/\/rizzellogas.tattica.online\/index.php\/wp-json\/wp\/v2\/media?parent=3048"}],"wp:term":[{"taxonomy":"product_brand","embeddable":true,"href":"https:\/\/rizzellogas.tattica.online\/index.php\/wp-json\/wp\/v2\/product_brand?post=3048"},{"taxonomy":"product_cat","embeddable":true,"href":"https:\/\/rizzellogas.tattica.online\/index.php\/wp-json\/wp\/v2\/product_cat?post=3048"},{"taxonomy":"product_tag","embeddable":true,"href":"https:\/\/rizzellogas.tattica.online\/index.php\/wp-json\/wp\/v2\/product_tag?post=3048"}],"curies":[{"name":"wp","href":"https:\/\/api.w.org\/{rel}","templated":true}]}}