{"id":3081,"date":"2025-12-17T01:06:40","date_gmt":"2025-12-17T00:06:40","guid":{"rendered":"https:\/\/rizzellogas.tattica.online\/?post_type=product&#038;p=3081"},"modified":"2025-12-17T01:07:18","modified_gmt":"2025-12-17T00:07:18","slug":"fenicottero-bestway","status":"publish","type":"product","link":"https:\/\/rizzellogas.tattica.online\/index.php\/prodotto\/fenicottero-bestway\/","title":{"rendered":"Fenicottero Bestway"},"content":{"rendered":"<p>Preparati a portare il divertimento in piscina al livello successivo con il nostro fenicottero gigante. Con oltre 1,5 metri di spazio per sederti, rilassarti e posare, questo fenicottero rosa \u00e8 l&#8217;ideale per rendere l&#8217;estate ancora pi\u00f9 speciale. Il suo lungo collo \u00e8 dotato di maniglie resistenti, garantendo il massimo comfort mentre galleggi. Inoltre, i riflessi stampati con glitter viola lo rendono ancora pi\u00f9 accattivante, attirando sguardi ammirati ovunque tu vada. Non perdere l&#8217;opportunit\u00e0 di vivere un&#8217;estate straordinaria in piscina con il nostro fenicottero gigante. Clicca qui per acquistarlo ora e preparati a creare ricordi indimenticabili mentre ti godi l&#8217;acqua e il sole in grande stile!<\/p>\n<ul>\n<li>Dimensioni: 1,73 m x 1,70 m<\/li>\n<li>Portata massima: 90 kg<\/li>\n<li>Cavalcabile da piscina a forma di fenicottero rosa gigante, con dettagli glitterati su becco e ali<\/li>\n<li>Struttura resistente con 3 camere d&#8217;aria<\/li>\n<li>Perfetto per un adulto<\/li>\n<li>Due maniglie resistenti per tenersi<\/li>\n<li>Contenuto: 1 cavalcabile da piscina, toppa di riparazione<\/li>\n<\/ul>\n","protected":false},"excerpt":{"rendered":"<p>&#8216;-Siamo a vostra disposizione per qualsiasi info contattateci al numero <span style=\"color: #ff0000\">0833\/581053<\/span> oppure<span style=\"color: #ff0000\"> 340\/7882669<\/span>.<\/p>\n<p>&#8211;<span style=\"color: #ff0000\"><strong>PER\u00a0 TUTTA LA PROVINCIA DI LECCE, PER ACCORDI SULLA MODALITA DI SCARICO E\u00a0 MODALITA PAGAMENTO , CONTRASSEGNO \/ POS (I NOSTRI MEZZI SONO MUNITI DI\u00a0 \u00a0PAGOBANCOMAT)\u00a0 CONTATTATECI O AL NUMERO FISSO O SU WHASAPP.<\/strong><\/span><\/p>\n","protected":false},"featured_media":3142,"comment_status":"open","ping_status":"closed","template":"","meta":[],"product_brand":[],"product_cat":[145],"product_tag":[],"class_list":{"0":"post-3081","1":"product","2":"type-product","3":"status-publish","4":"has-post-thumbnail","6":"product_cat-gonfiabili-e-spiaggia","8":"first","9":"instock","10":"sale","11":"shipping-taxable","12":"purchasable","13":"product-type-simple"},"_links":{"self":[{"href":"https:\/\/rizzellogas.tattica.online\/index.php\/wp-json\/wp\/v2\/product\/3081","targetHints":{"allow":["GET"]}}],"collection":[{"href":"https:\/\/rizzellogas.tattica.online\/index.php\/wp-json\/wp\/v2\/product"}],"about":[{"href":"https:\/\/rizzellogas.tattica.online\/index.php\/wp-json\/wp\/v2\/types\/product"}],"replies":[{"embeddable":true,"href":"https:\/\/rizzellogas.tattica.online\/index.php\/wp-json\/wp\/v2\/comments?post=3081"}],"version-history":[{"count":1,"href":"https:\/\/rizzellogas.tattica.online\/index.php\/wp-json\/wp\/v2\/product\/3081\/revisions"}],"predecessor-version":[{"id":3143,"href":"https:\/\/rizzellogas.tattica.online\/index.php\/wp-json\/wp\/v2\/product\/3081\/revisions\/3143"}],"wp:featuredmedia":[{"embeddable":true,"href":"https:\/\/rizzellogas.tattica.online\/index.php\/wp-json\/wp\/v2\/media\/3142"}],"wp:attachment":[{"href":"https:\/\/rizzellogas.tattica.online\/index.php\/wp-json\/wp\/v2\/media?parent=3081"}],"wp:term":[{"taxonomy":"product_brand","embeddable":true,"href":"https:\/\/rizzellogas.tattica.online\/index.php\/wp-json\/wp\/v2\/product_brand?post=3081"},{"taxonomy":"product_cat","embeddable":true,"href":"https:\/\/rizzellogas.tattica.online\/index.php\/wp-json\/wp\/v2\/product_cat?post=3081"},{"taxonomy":"product_tag","embeddable":true,"href":"https:\/\/rizzellogas.tattica.online\/index.php\/wp-json\/wp\/v2\/product_tag?post=3081"}],"curies":[{"name":"wp","href":"https:\/\/api.w.org\/{rel}","templated":true}]}}