{"id":3082,"date":"2025-12-17T01:06:40","date_gmt":"2025-12-17T00:06:40","guid":{"rendered":"https:\/\/rizzellogas.tattica.online\/?post_type=product&#038;p=3082"},"modified":"2025-12-17T01:07:19","modified_gmt":"2025-12-17T00:07:19","slug":"isole-cigno-intex","status":"publish","type":"product","link":"https:\/\/rizzellogas.tattica.online\/index.php\/prodotto\/isole-cigno-intex\/","title":{"rendered":"Isole cigno Intex"},"content":{"rendered":"<p data-end=\"514\" data-start=\"107\">Rendi uniche le tue giornate in acqua con la Poltrona Gonfiabile Cigno Gigante Intex 56287 , l&#8217;accessorio perfetto per il massimo del divertimento e del relax. Con il suo design elegante e simpatico , questo cigno galleggiante \u00e8 ideale per la piscina, il mare o il giardino. Pu\u00f2 essere usato come materassino, canotto o semplicemente come poltrona gonfiabile per prendere il sole in totale comodit\u00e0.<\/p>\n<p data-end=\"885\" data-start=\"516\">Realizzato in vinile ultra resistente da 0,35 mm , \u00e8 progettato per garantire robustezza e lunga durata. Grazie alle maniglie ad alta resistenza , offre una presa sicura e stabile. Il gonfiaggio e lo sgonfiaggio sono facilitati dalla presenza di due camere d&#8217;aria , mentre la toppa di riparazione inclusa permette di sistemare eventuali piccole forature.<\/p>\n<h2 data-end=\"924\" data-start=\"887\"><strong data-end=\"922\" data-start=\"891\">Caratteristiche principali:<\/strong><\/h2>\n<p>Design originale a forma di cigno per un&#8217;estate all&#8217;insegna dello stile e del divertimento<\/p>\n<p>Materiale resistente: vinile da 0,35 mm per una maggiore durata<\/p>\n<p>Ampie dimensioni (194 x 152 x 147 cm) per un comfort totale<\/p>\n<p>Dotato di due maniglie ad alta resistenza per maggiore sicurezza<\/p>\n<p>Facile da gonfiare e sgonfiare grazie alle due camere d&#8217;aria<\/p>\n<p>Perfetto per feste in piscina, mare e giardino<\/p>\n<p>Toppa di riparazione inclusa , per prolungare la durata del gonfiabile<\/p>\n<h2 data-end=\"1474\" data-start=\"1444\"><strong data-end=\"1472\" data-start=\"1448\">Specifiche tecniche:<\/strong><\/h2>\n<p>Materiale: Vinile da 0,35 mm<\/p>\n<p>Colore: Bianco<\/p>\n<p>Dimensioni: 194 x 152 x 147 cm<\/p>\n<p>Peso: 10 kg<\/p>\n<h2 data-end=\"1632\" data-start=\"1595\"><strong data-end=\"1630\" data-start=\"1599\">Contenuto della confezione:<\/strong><\/h2>\n<p data-end=\"1747\" data-start=\"1633\">Poltrona Gonfiabile Cigno Gigante Intex 56287<br data-end=\"1687\" data-start=\"1684\" \/>Toppa di riparazione , per piccole riparazioni rapide<\/p>\n<p data-is-last-node=\"\" data-end=\"1861\" data-start=\"1749\">Perfetto per chi cerca un gonfiabile elegante e funzionale , ideale per momenti di relax o di gioco in acqua.<\/p>\n","protected":false},"excerpt":{"rendered":"<p>&#8216;-Siamo a vostra disposizione per qualsiasi info contattateci al numero <span style=\"color: #ff0000\">0833\/581053<\/span> oppure<span style=\"color: #ff0000\"> 340\/7882669<\/span>.<\/p>\n<p>&#8211;<span style=\"color: #ff0000\"><strong>PER\u00a0 TUTTA LA PROVINCIA DI LECCE, PER ACCORDI SULLA MODALITA DI SCARICO E\u00a0 MODALITA PAGAMENTO , CONTRASSEGNO \/ POS (I NOSTRI MEZZI SONO MUNITI DI\u00a0 \u00a0PAGOBANCOMAT)\u00a0 CONTATTATECI O AL NUMERO FISSO O SU WHASAPP.<\/strong><\/span><\/p>\n","protected":false},"featured_media":3144,"comment_status":"open","ping_status":"closed","template":"","meta":[],"product_brand":[],"product_cat":[145],"product_tag":[],"class_list":{"0":"post-3082","1":"product","2":"type-product","3":"status-publish","4":"has-post-thumbnail","6":"product_cat-gonfiabili-e-spiaggia","8":"first","9":"instock","10":"sale","11":"shipping-taxable","12":"purchasable","13":"product-type-simple"},"_links":{"self":[{"href":"https:\/\/rizzellogas.tattica.online\/index.php\/wp-json\/wp\/v2\/product\/3082","targetHints":{"allow":["GET"]}}],"collection":[{"href":"https:\/\/rizzellogas.tattica.online\/index.php\/wp-json\/wp\/v2\/product"}],"about":[{"href":"https:\/\/rizzellogas.tattica.online\/index.php\/wp-json\/wp\/v2\/types\/product"}],"replies":[{"embeddable":true,"href":"https:\/\/rizzellogas.tattica.online\/index.php\/wp-json\/wp\/v2\/comments?post=3082"}],"version-history":[{"count":1,"href":"https:\/\/rizzellogas.tattica.online\/index.php\/wp-json\/wp\/v2\/product\/3082\/revisions"}],"predecessor-version":[{"id":3145,"href":"https:\/\/rizzellogas.tattica.online\/index.php\/wp-json\/wp\/v2\/product\/3082\/revisions\/3145"}],"wp:featuredmedia":[{"embeddable":true,"href":"https:\/\/rizzellogas.tattica.online\/index.php\/wp-json\/wp\/v2\/media\/3144"}],"wp:attachment":[{"href":"https:\/\/rizzellogas.tattica.online\/index.php\/wp-json\/wp\/v2\/media?parent=3082"}],"wp:term":[{"taxonomy":"product_brand","embeddable":true,"href":"https:\/\/rizzellogas.tattica.online\/index.php\/wp-json\/wp\/v2\/product_brand?post=3082"},{"taxonomy":"product_cat","embeddable":true,"href":"https:\/\/rizzellogas.tattica.online\/index.php\/wp-json\/wp\/v2\/product_cat?post=3082"},{"taxonomy":"product_tag","embeddable":true,"href":"https:\/\/rizzellogas.tattica.online\/index.php\/wp-json\/wp\/v2\/product_tag?post=3082"}],"curies":[{"name":"wp","href":"https:\/\/api.w.org\/{rel}","templated":true}]}}