{"id":3132,"date":"2025-12-17T01:07:05","date_gmt":"2025-12-17T00:07:05","guid":{"rendered":"https:\/\/rizzellogas.tattica.online\/?post_type=product&#038;p=3132"},"modified":"2025-12-17T01:08:05","modified_gmt":"2025-12-17T00:08:05","slug":"lettini-modulari-haiti","status":"publish","type":"product","link":"https:\/\/rizzellogas.tattica.online\/index.php\/prodotto\/lettini-modulari-haiti\/","title":{"rendered":"Lettini modulari haiti"},"content":{"rendered":"<div class=\"\">\n<div class=\"FGeuYs\" data-testid=\"description-content\">LETTINO SDRAIO PRENDISOLE IN RESINA HAITI BIANCO 195 X 65 X H78 CM<br \/>\nIl lettino sdraio prendisole in resina Haiti bianco \u00e8 un elemento essenziale per godersi il sole e il relax nel proprio spazio esterno. Con il suo design elegante e la comoda struttura. offre un luogo ideale per distendersi e rilassarsi all&#8217;aria aperta.<\/p>\n<ul>\n<li><strong>Design Ergonomico:<\/strong>\u00a0Il lettino sdraio presenta una struttura ergonomica che segue la curvatura naturale del corpo. garantendo un comfort ottimale durante il riposo.<\/li>\n<li><strong>Resistente e Durevole:<\/strong>\u00a0Realizzato in resina di alta qualit\u00e0. il lettino \u00e8 resistente agli agenti atmosferici e all&#8217;umidit\u00e0. garantendo una lunga durata nel tempo senza deterioramento.<\/li>\n<li><strong>Dimensioni Generose:<\/strong>\u00a0Con una lunghezza di 195 cm. una larghezza di 65 cm e un&#8217;altezza di 78 cm. offre ampio spazio per distendersi comodamente e godersi il sole.<\/li>\n<li><strong>Pratico e Funzionale:<\/strong>\u00a0Il lettino \u00e8 dotato di schienale regolabile in diverse posizioni. consentendo di personalizzare l&#8217;inclinazione per trovare la posizione pi\u00f9 confortevole. Inoltre. \u00e8 leggero e facile da spostare per adattarsi alle esigenze di relax.<\/li>\n<li><strong>Facile da Pulire:<\/strong>\u00a0La superficie in resina \u00e8 semplice da pulire e richiede poco mantenimento. rendendo il lettino un&#8217;opzione pratica per gli spazi esterni.<\/li>\n<\/ul>\n<p>Il lettino sdraio prendisole in resina Haiti bianco offre un mix perfetto di comfort. funzionalit\u00e0 e design elegante per godersi al meglio il tempo all&#8217;aperto. Con la sua struttura resistente e la possibilit\u00e0 di regolare lo schienale. rappresenta una scelta ideale per chi cerca un elemento versatile e confortevole per il proprio giardino. terrazza o piscina<\/p>\n<\/div>\n<\/div>\n","protected":false},"excerpt":{"rendered":"<p>&#8216;-Siamo a vostra disposizione per qualsiasi info contattateci al numero <span style=\"color: #ff0000\">0833\/581053<\/span> oppure<span style=\"color: #ff0000\"> 340\/7882669<\/span>.<\/p>\n<p>&#8211;<span style=\"color: #ff0000\"><strong>PER\u00a0 TUTTA LA PROVINCIA DI LECCE, PER ACCORDI SULLA MODALITA DI SCARICO E\u00a0 MODALITA PAGAMENTO , CONTRASSEGNO \/ POS (I NOSTRI MEZZI SONO MUNITI DI\u00a0 \u00a0PAGOBANCOMAT)\u00a0 CONTATTATECI O AL NUMERO FISSO O SU WHASAPP.<\/strong><\/span><\/p>\n","protected":false},"featured_media":3195,"comment_status":"open","ping_status":"closed","template":"","meta":[],"product_brand":[],"product_cat":[143],"product_tag":[],"class_list":{"0":"post-3132","1":"product","2":"type-product","3":"status-publish","4":"has-post-thumbnail","6":"product_cat-arredo-giardino","8":"first","9":"instock","10":"sale","11":"shipping-taxable","12":"purchasable","13":"product-type-simple"},"_links":{"self":[{"href":"https:\/\/rizzellogas.tattica.online\/index.php\/wp-json\/wp\/v2\/product\/3132","targetHints":{"allow":["GET"]}}],"collection":[{"href":"https:\/\/rizzellogas.tattica.online\/index.php\/wp-json\/wp\/v2\/product"}],"about":[{"href":"https:\/\/rizzellogas.tattica.online\/index.php\/wp-json\/wp\/v2\/types\/product"}],"replies":[{"embeddable":true,"href":"https:\/\/rizzellogas.tattica.online\/index.php\/wp-json\/wp\/v2\/comments?post=3132"}],"version-history":[{"count":1,"href":"https:\/\/rizzellogas.tattica.online\/index.php\/wp-json\/wp\/v2\/product\/3132\/revisions"}],"predecessor-version":[{"id":3196,"href":"https:\/\/rizzellogas.tattica.online\/index.php\/wp-json\/wp\/v2\/product\/3132\/revisions\/3196"}],"wp:featuredmedia":[{"embeddable":true,"href":"https:\/\/rizzellogas.tattica.online\/index.php\/wp-json\/wp\/v2\/media\/3195"}],"wp:attachment":[{"href":"https:\/\/rizzellogas.tattica.online\/index.php\/wp-json\/wp\/v2\/media?parent=3132"}],"wp:term":[{"taxonomy":"product_brand","embeddable":true,"href":"https:\/\/rizzellogas.tattica.online\/index.php\/wp-json\/wp\/v2\/product_brand?post=3132"},{"taxonomy":"product_cat","embeddable":true,"href":"https:\/\/rizzellogas.tattica.online\/index.php\/wp-json\/wp\/v2\/product_cat?post=3132"},{"taxonomy":"product_tag","embeddable":true,"href":"https:\/\/rizzellogas.tattica.online\/index.php\/wp-json\/wp\/v2\/product_tag?post=3132"}],"curies":[{"name":"wp","href":"https:\/\/api.w.org\/{rel}","templated":true}]}}