{"id":3157,"date":"2025-12-17T01:07:28","date_gmt":"2025-12-17T00:07:28","guid":{"rendered":"https:\/\/rizzellogas.tattica.online\/?post_type=product&#038;p=3157"},"modified":"2025-12-17T01:08:19","modified_gmt":"2025-12-17T00:08:19","slug":"pellet-siroko-en-plus-a1-abete-e-pino","status":"publish","type":"product","link":"https:\/\/rizzellogas.tattica.online\/index.php\/prodotto\/pellet-siroko-en-plus-a1-abete-e-pino\/","title":{"rendered":"PELLET SIROKO EN PLUS A1 &#8220;Abete e Pino&#8221;"},"content":{"rendered":"<p>Pellets Siroko la scelta ideale per un riscaldamento efficiente e sostenibile. Prodotto con legno di conifere di alta qualit\u00e0, come pino e abete, il nostro pellet \u00e8 sottoposto a un trattamento di scortecciatura che elimina impurit\u00e0 minerali, garantendo un prodotto di alta purezza.<\/p>\n<p><strong>Caratteristiche Principali:<\/strong><\/p>\n<ul>\n<li><strong>100% legno di conifere<\/strong>\u00a0(pino e abete)<\/li>\n<li><strong>Valore calorimetrico elevato<\/strong>\u00a0di \u2265 16.500 MJ\/kg (4,6 kWh\/kg)<\/li>\n<li><strong>Umidit\u00e0 massima<\/strong>\u00a0solo \u2264 10%<\/li>\n<li><strong>Densit\u00e0 apparente<\/strong>\u00a0compresa tra 600 e 750 kg\/m\u00b3<\/li>\n<li><strong>Contenuto della cenere<\/strong>\u00a0minimo \u2264 0,7%<\/li>\n<li><strong>Resistenza meccanica (abrasione)<\/strong> superiore a \u2265 98,00%<\/li>\n<li><del><span style=\"color: #ff0000\">6,60<\/span><\/del><span style=\"color: #000000\">\u00a0<strong>prezzo scontato con scheda gold<\/strong><\/span> <span style=\"color: #ff0000\">6,40<\/span><span style=\"color: #ff0000\"><span style=\"color: #000000\"> preso dal deposito (Ugento, Presicce).<\/span><\/span><\/li>\n<li>&#8211; Per info sulle consegne nella provincia di Lecce (Promozioni Quantit\u00e0\/Modalit\u00e0 di Consegna) chiamare al 3407882669 anche tramite Whatsapp.<\/li>\n<li>-Consegna a domicilio nella provincia, sul piano stradale di una o pi\u00f9 pedane prezzo<span style=\"color: #ff0000\"> OFFERTA<\/span> euro<span style=\"color: #ff0000\"> 560,00 <\/span>\u00a0(90 sacchi a 6,22)<\/li>\n<\/ul>\n<p>&nbsp;<\/p>\n","protected":false},"excerpt":{"rendered":"<p>&#8216;-Siamo a vostra disposizione per qualsiasi info contattateci al numero <span style=\"color: #ff0000\"><strong>0833\/581053<\/strong><\/span> oppure <strong><span style=\"color: #ff0000\">340\/7882669<\/span><\/strong><\/p>\n<p>&#8211;<span style=\"color: #ff0000\"><strong>PER\u00a0 TUTTA LA PROVINCIA DI LECCE, PER ACCORDI SULLA MODALITA DI SCARICO E\u00a0 MODALITA PAGAMENTO , CONTRASSEGNO \/ POS (I NOSTRI MEZZI SONO MUNITI DI\u00a0 \u00a0PAGOBANCOMAT)\u00a0 CONTATTATECI O AL NUMERO FISSO O SU WHATSAPP.<\/strong><\/span><\/p>\n","protected":false},"featured_media":3208,"comment_status":"open","ping_status":"closed","template":"","meta":[],"product_brand":[],"product_cat":[124],"product_tag":[],"class_list":{"0":"post-3157","1":"product","2":"type-product","3":"status-publish","4":"has-post-thumbnail","6":"product_cat-pellet-nocciolino-legna-tronchetti-e-varie","8":"first","9":"instock","10":"sale","11":"shipping-taxable","12":"purchasable","13":"product-type-simple"},"_links":{"self":[{"href":"https:\/\/rizzellogas.tattica.online\/index.php\/wp-json\/wp\/v2\/product\/3157","targetHints":{"allow":["GET"]}}],"collection":[{"href":"https:\/\/rizzellogas.tattica.online\/index.php\/wp-json\/wp\/v2\/product"}],"about":[{"href":"https:\/\/rizzellogas.tattica.online\/index.php\/wp-json\/wp\/v2\/types\/product"}],"replies":[{"embeddable":true,"href":"https:\/\/rizzellogas.tattica.online\/index.php\/wp-json\/wp\/v2\/comments?post=3157"}],"version-history":[{"count":1,"href":"https:\/\/rizzellogas.tattica.online\/index.php\/wp-json\/wp\/v2\/product\/3157\/revisions"}],"predecessor-version":[{"id":3209,"href":"https:\/\/rizzellogas.tattica.online\/index.php\/wp-json\/wp\/v2\/product\/3157\/revisions\/3209"}],"wp:featuredmedia":[{"embeddable":true,"href":"https:\/\/rizzellogas.tattica.online\/index.php\/wp-json\/wp\/v2\/media\/3208"}],"wp:attachment":[{"href":"https:\/\/rizzellogas.tattica.online\/index.php\/wp-json\/wp\/v2\/media?parent=3157"}],"wp:term":[{"taxonomy":"product_brand","embeddable":true,"href":"https:\/\/rizzellogas.tattica.online\/index.php\/wp-json\/wp\/v2\/product_brand?post=3157"},{"taxonomy":"product_cat","embeddable":true,"href":"https:\/\/rizzellogas.tattica.online\/index.php\/wp-json\/wp\/v2\/product_cat?post=3157"},{"taxonomy":"product_tag","embeddable":true,"href":"https:\/\/rizzellogas.tattica.online\/index.php\/wp-json\/wp\/v2\/product_tag?post=3157"}],"curies":[{"name":"wp","href":"https:\/\/api.w.org\/{rel}","templated":true}]}}