{"id":3158,"date":"2025-12-17T01:07:29","date_gmt":"2025-12-17T00:07:29","guid":{"rendered":"https:\/\/rizzellogas.tattica.online\/?post_type=product&#038;p=3158"},"modified":"2025-12-17T01:08:20","modified_gmt":"2025-12-17T00:08:20","slug":"stufa-a-bioetanolo-fiammetta-junior-ventilata-bordeaux","status":"publish","type":"product","link":"https:\/\/rizzellogas.tattica.online\/index.php\/prodotto\/stufa-a-bioetanolo-fiammetta-junior-ventilata-bordeaux\/","title":{"rendered":"Stufa a Bioetanolo Fiammetta Junior Ventilata Bordeaux"},"content":{"rendered":"<div class=\"data-table\">\n<h2>Descrizione<\/h2>\n<\/div>\n<div class=\"styled\">\n<h3>Fiammetta Jr Ventilata, \u00e8 la versione pi\u00f9 piccola della linea Fiammetta. Una stufa elegante, con una dimensione che si adatta anche alle stanze pi\u00f9 piccole.<br \/>\nLa stufa a Bioetanolo \u00e8 un supporto al riscaldamento nelle stagioni pi\u00f9 fredde. Permette di aumentare in una stanza la temperatura di qualche grado. Ottima soluzione per le mezze stagioni, dove ancora il riscaldamento non \u00e8 stato acceso, aiuta a posticiparne il momento dell\u2019accensione.<br \/>\nLa stufa ventilata, rispetta alla statica, aiuta a diffondere pi\u00f9 velocemente il calore nella stanza.<br \/>\nIl bruciatore \u00e8 posto su un carrello estraibile manualmente per facilitare il riempimento con il bioetanolo.<br \/>\nDotato di strumento spegnifiamma per estinguere la fiamma o regolarne la potenza.<br \/>\nPiccolo vano superiore per una diffusione pi\u00f9 controllata ed efficiente del calore.<br \/>\nPareti interne riflettenti per aumentare la potenza del calore e la bellezza della fiamma.<br \/>\nPorta calamitata per una chiusura pi\u00f9 sicura.<br \/>\nFunzione ventola integrata.<br \/>\nIdeale per riscaldare un ambiente di circa 28mq.<\/h3>\n<ul>\n<li>\n<h3>Stufa ventilata a bioetanolo, costruita in acciaio strutturale 10\/10 verniciato.<\/h3>\n<\/li>\n<li>\n<h3>Dotata di sistema di ventilazione per una propagazione del calore pi\u00f9 efficiente.<\/h3>\n<\/li>\n<li>\n<h3>Bruciatore da 1,5 lt in acciaio doppio fondo con lana di roccia regolabile manualmente, certificato UNI EN16647.<\/h3>\n<\/li>\n<li>\n<h3>Bruciatore su carrello estraibile per una pratica ricarica.<\/h3>\n<\/li>\n<\/ul>\n<h3>Colori:<\/h3>\n<ul>\n<li>\n<h3>Bordeaux<\/h3>\n<\/li>\n<li>\n<h3>Bianca<\/h3>\n<\/li>\n<li>\n<h3>Nera<\/h3>\n<\/li>\n<li>\n<h3>Caratteristiche tecniche:<\/h3>\n<h3>Dimensioni: 65 x 40 x 38 cm<\/h3>\n<h3>Potenza termica: 3 kw\/h<\/h3>\n<h3>Volume riscaldabile: 28 m\u00b2<\/h3>\n<h3>Capacit\u00e0 serbatoio: 1,5 lt<\/h3>\n<h3>Peso: 22 kg<\/h3>\n<p>compreso nel prezzo vari omaggi come la pompa travaso.<\/p>\n<p>-siamo a vostra disposizione per qualsiasi info contattateci al numero <span style=\"color: #ff0000\">0833\/581053<\/span> oppure\u00a0 <span style=\"color: #ff0000\">340\/7882669<\/span>.<\/p>\n<p><span style=\"color: #ff0000\"><strong>-PER\u00a0 TUTTA LA PROVINCIA DI LECCE, PER ACCORDI SULLA MODALITA DI SCARICO E\u00a0 \u00a0MODALITA PAGAMENTO , CONTRASSEGNO \/ POS (I NOSTRI MEZZI SONO MUNITI DI\u00a0 \u00a0PAGOBANCOMAT)\u00a0 CONTATTATECI O AL NUMERO FISSO O SU WHASAPP.<\/strong><\/span><\/li>\n<\/ul>\n<\/div>\n","protected":false},"excerpt":{"rendered":"<div><strong>promozione in <span style=\"color: #ff0000\">OMAGGIO<\/span> una pompa travaso.\u00a0<\/strong><\/div>\n<div>consegna in tutto il salento compreso nel prezzo<\/div>\n","protected":false},"featured_media":3210,"comment_status":"open","ping_status":"closed","template":"","meta":[],"product_brand":[],"product_cat":[134,139],"product_tag":[],"class_list":{"0":"post-3158","1":"product","2":"type-product","3":"status-publish","4":"has-post-thumbnail","6":"product_cat-prima-pagina","7":"product_cat-stufe-a-combustibile-liquido-stufe-elettriche","9":"first","10":"instock","11":"sale","12":"shipping-taxable","13":"purchasable","14":"product-type-simple"},"_links":{"self":[{"href":"https:\/\/rizzellogas.tattica.online\/index.php\/wp-json\/wp\/v2\/product\/3158","targetHints":{"allow":["GET"]}}],"collection":[{"href":"https:\/\/rizzellogas.tattica.online\/index.php\/wp-json\/wp\/v2\/product"}],"about":[{"href":"https:\/\/rizzellogas.tattica.online\/index.php\/wp-json\/wp\/v2\/types\/product"}],"replies":[{"embeddable":true,"href":"https:\/\/rizzellogas.tattica.online\/index.php\/wp-json\/wp\/v2\/comments?post=3158"}],"version-history":[{"count":1,"href":"https:\/\/rizzellogas.tattica.online\/index.php\/wp-json\/wp\/v2\/product\/3158\/revisions"}],"predecessor-version":[{"id":3211,"href":"https:\/\/rizzellogas.tattica.online\/index.php\/wp-json\/wp\/v2\/product\/3158\/revisions\/3211"}],"wp:featuredmedia":[{"embeddable":true,"href":"https:\/\/rizzellogas.tattica.online\/index.php\/wp-json\/wp\/v2\/media\/3210"}],"wp:attachment":[{"href":"https:\/\/rizzellogas.tattica.online\/index.php\/wp-json\/wp\/v2\/media?parent=3158"}],"wp:term":[{"taxonomy":"product_brand","embeddable":true,"href":"https:\/\/rizzellogas.tattica.online\/index.php\/wp-json\/wp\/v2\/product_brand?post=3158"},{"taxonomy":"product_cat","embeddable":true,"href":"https:\/\/rizzellogas.tattica.online\/index.php\/wp-json\/wp\/v2\/product_cat?post=3158"},{"taxonomy":"product_tag","embeddable":true,"href":"https:\/\/rizzellogas.tattica.online\/index.php\/wp-json\/wp\/v2\/product_tag?post=3158"}],"curies":[{"name":"wp","href":"https:\/\/api.w.org\/{rel}","templated":true}]}}